{"id":20531,"date":"2020-09-06T21:40:17","date_gmt":"2020-09-06T14:40:17","guid":{"rendered":"https:\/\/translationifk.com\/?page_id=20531"},"modified":"2021-08-13T21:46:50","modified_gmt":"2021-08-13T14:46:50","slug":"tong-hop-bai-hoc-tieng-nhat-jlpt-n2","status":"publish","type":"page","link":"https:\/\/translationifk.com\/en\/tong-hop-bai-hoc-tieng-nhat-jlpt-n2\/","title":{"rendered":"T\u1ed5ng H\u1ee3p B\u00e0i H\u1ecdc Ti\u1ebfng Nh\u1eadt JLPT N2"},"content":{"rendered":"\t\t<div data-elementor-type=\"wp-page\" data-elementor-id=\"20531\" class=\"elementor elementor-20531\" data-elementor-settings=\"{&quot;element_pack_global_tooltip_width&quot;:{&quot;unit&quot;:&quot;px&quot;,&quot;size&quot;:&quot;&quot;,&quot;sizes&quot;:[]},&quot;element_pack_global_tooltip_width_tablet&quot;:{&quot;unit&quot;:&quot;px&quot;,&quot;size&quot;:&quot;&quot;,&quot;sizes&quot;:[]},&quot;element_pack_global_tooltip_width_mobile&quot;:{&quot;unit&quot;:&quot;px&quot;,&quot;size&quot;:&quot;&quot;,&quot;sizes&quot;:[]},&quot;element_pack_global_tooltip_padding&quot;:{&quot;unit&quot;:&quot;px&quot;,&quot;top&quot;:&quot;&quot;,&quot;right&quot;:&quot;&quot;,&quot;bottom&quot;:&quot;&quot;,&quot;left&quot;:&quot;&quot;,&quot;isLinked&quot;:true},&quot;element_pack_global_tooltip_padding_tablet&quot;:{&quot;unit&quot;:&quot;px&quot;,&quot;top&quot;:&quot;&quot;,&quot;right&quot;:&quot;&quot;,&quot;bottom&quot;:&quot;&quot;,&quot;left&quot;:&quot;&quot;,&quot;isLinked&quot;:true},&quot;element_pack_global_tooltip_padding_mobile&quot;:{&quot;unit&quot;:&quot;px&quot;,&quot;top&quot;:&quot;&quot;,&quot;right&quot;:&quot;&quot;,&quot;bottom&quot;:&quot;&quot;,&quot;left&quot;:&quot;&quot;,&quot;isLinked&quot;:true},&quot;element_pack_global_tooltip_border_radius&quot;:{&quot;unit&quot;:&quot;px&quot;,&quot;top&quot;:&quot;&quot;,&quot;right&quot;:&quot;&quot;,&quot;bottom&quot;:&quot;&quot;,&quot;left&quot;:&quot;&quot;,&quot;isLinked&quot;:true},&quot;element_pack_global_tooltip_border_radius_tablet&quot;:{&quot;unit&quot;:&quot;px&quot;,&quot;top&quot;:&quot;&quot;,&quot;right&quot;:&quot;&quot;,&quot;bottom&quot;:&quot;&quot;,&quot;left&quot;:&quot;&quot;,&quot;isLinked&quot;:true},&quot;element_pack_global_tooltip_border_radius_mobile&quot;:{&quot;unit&quot;:&quot;px&quot;,&quot;top&quot;:&quot;&quot;,&quot;right&quot;:&quot;&quot;,&quot;bottom&quot;:&quot;&quot;,&quot;left&quot;:&quot;&quot;,&quot;isLinked&quot;:true}}\" data-elementor-post-type=\"page\">\n\t\t\t\t\t\t<section class=\"elementor-section elementor-top-section elementor-element elementor-element-6bdfabc elementor-section-boxed elementor-section-height-default elementor-section-height-default magic-button-disabled-no\" data-id=\"6bdfabc\" data-element_type=\"section\" data-e-type=\"section\" data-settings=\"{&quot;background_background&quot;:&quot;classic&quot;}\">\n\t\t\t\t\t\t<div class=\"elementor-container elementor-column-gap-default\">\n\t\t\t\t\t<div class=\"elementor-column elementor-col-100 elementor-top-column elementor-element elementor-element-bfe1f83 ot-flex-column-vertical\" data-id=\"bfe1f83\" data-element_type=\"column\" data-e-type=\"column\" data-settings=\"{&quot;background_background&quot;:&quot;classic&quot;}\">\n\t\t\t<div class=\"elementor-widget-wrap elementor-element-populated\">\n\t\t\t\t\t\t<section class=\"elementor-section elementor-inner-section elementor-element elementor-element-31cbdfc elementor-section-boxed elementor-section-height-default elementor-section-height-default magic-button-disabled-no\" data-id=\"31cbdfc\" data-element_type=\"section\" data-e-type=\"section\">\n\t\t\t\t\t\t<div class=\"elementor-container elementor-column-gap-wide\">\n\t\t\t\t\t<div class=\"elementor-column elementor-col-100 elementor-inner-column elementor-element elementor-element-aa0dba4 ot-flex-column-vertical\" data-id=\"aa0dba4\" data-element_type=\"column\" data-e-type=\"column\">\n\t\t\t<div class=\"elementor-widget-wrap elementor-element-populated\">\n\t\t\t\t\t\t<div class=\"elementor-element elementor-element-0c8db12 elementor-widget elementor-widget-bdt-advanced-heading\" data-id=\"0c8db12\" data-element_type=\"widget\" data-e-type=\"widget\" data-widget_type=\"bdt-advanced-heading.default\">\n\t\t\t\t<div class=\"elementor-widget-container\">\n\t\t\t\t\t<div id=\"0c8db12\" class=\"bdt-ep-advanced-heading\" data-settings=\"{&quot;titleMultiColor&quot;:&quot;no&quot;}\"><div class=\"bdt-ep-advanced-heading-sub-title\"><div class=\"bdt-ep-advanced-heading-sub-title-content\">T\u1ed5ng H\u1ee3p Ki\u1ebfn Th\u1ee9c Ti\u1ebfng Nh\u1eadt N2<\/div><div class=\"line bdt-flex-align-left\"><\/div><div class=\"line bdt-flex-align-right\"><\/div><\/div><h1 class=\"bdt-ep-advanced-heading-title\"><span class=\"bdt-ep-advanced-heading-main-title\"><span class=\"bdt-ep-advanced-heading-main-title-inner\">Blog h\u1ecdc ti\u1ebfng Nh\u1eadt n2 mi\u1ec5n Ph\u00ed<\/span><\/span><\/h1><\/div>\t\t\t\t<\/div>\n\t\t\t\t<\/div>\n\t\t\t\t<div class=\"elementor-element elementor-element-fc5664b elementor-widget elementor-widget-text-editor\" data-id=\"fc5664b\" data-element_type=\"widget\" data-e-type=\"widget\" data-widget_type=\"text-editor.default\">\n\t\t\t\t<div class=\"elementor-widget-container\">\n\t\t\t\t\t\t\t\t\t<p>\u0110\u00e2y l\u00e0 k\u00eanh m\u00e0 \u0111\u1ed9i ng\u0169 nh\u00e2n vi\u00ean v\u00e0 c\u00e1c th\u00f4ng d\u1ecbch vi\u00ean IFK x\u00e2y d\u1ef1ng v\u00e0 chia s\u1ebb nh\u1eefng b\u00e0i vi\u1ebft \u0111\u1ec3 c\u00e1c h\u1ecdc vi\u00ean h\u1ecdc t\u1eadp ti\u1ebfng Nh\u1eadt.<\/p>\t\t\t\t\t\t\t\t<\/div>\n\t\t\t\t<\/div>\n\t\t\t\t\t<\/div>\n\t\t<\/div>\n\t\t\t\t\t<\/div>\n\t\t<\/section>\n\t\t\t\t\t<\/div>\n\t\t<\/div>\n\t\t\t\t\t<\/div>\n\t\t<\/section>\n\t\t\t\t<section class=\"elementor-section elementor-top-section elementor-element elementor-element-8a0ad1d elementor-section-boxed elementor-section-height-default elementor-section-height-default magic-button-disabled-no\" data-id=\"8a0ad1d\" data-element_type=\"section\" data-e-type=\"section\">\n\t\t\t\t\t\t<div class=\"elementor-container elementor-column-gap-wide\">\n\t\t\t\t\t<div class=\"elementor-column elementor-col-33 elementor-top-column elementor-element elementor-element-573c568 ot-flex-column-vertical\" data-id=\"573c568\" data-element_type=\"column\" data-e-type=\"column\">\n\t\t\t<div class=\"elementor-widget-wrap elementor-element-populated\">\n\t\t\t\t\t\t<div class=\"elementor-element elementor-element-dccc9c0 bdt-icon-type-image elementor-position-top bdt-icon-effect-none elementor-widget elementor-widget-bdt-advanced-icon-box\" data-id=\"dccc9c0\" data-element_type=\"widget\" data-e-type=\"widget\" data-widget_type=\"bdt-advanced-icon-box.default\">\n\t\t\t\t<div class=\"elementor-widget-container\">\n\t\t\t\t\t\t\t<div class=\"bdt-ep-advanced-icon-box\">\n\n\t\t\t\t\t\t\t\n\t\t\t\t\t<div class=\"bdt-ep-advanced-icon-box-icon\">\n\t\t\t\t<span class=\"bdt-ep-advanced-icon-box-icon-wrap\">\n\n\n\t\t\t\t\t<img decoding=\"async\" width=\"57\" height=\"57\" src=\"https:\/\/translationifk.com\/wp-content\/uploads\/2021\/02\/tu-vung-tieng-nhat.svg\" class=\"attachment-full size-full\" alt=\"H\u1ecdc T\u1eeb V\u1ef1ng N2\" srcset=\"https:\/\/translationifk.com\/wp-content\/uploads\/\/2021\/02\/tu-vung-tieng-nhat.svg 150w, https:\/\/translationifk.com\/wp-content\/uploads\/\/2021\/02\/tu-vung-tieng-nhat.svg 300w, https:\/\/translationifk.com\/wp-content\/uploads\/\/2021\/02\/tu-vung-tieng-nhat.svg 800w, https:\/\/translationifk.com\/wp-content\/uploads\/\/2021\/02\/tu-vung-tieng-nhat.svg 57.05w\" sizes=\"(max-width: 57px) 100vw, 57px\" \/>\t\t\t\t<\/span>\n\t\t\t<\/div>\n\t\t\n\t\t\t\t\n\t\t\t<div class=\"bdt-ep-advanced-icon-box-content\">\n\n\t\t\t\t\t\t\t\t\t\t\t<h3 class=\"bdt-ep-advanced-icon-box-title ep-title-\">\n\t\t\t<span >\n\t\t\t\tH\u1ecdc T\u1eeb V\u1ef1ng N2\t\t\t<\/span>\n\t\t<\/h3>\n\t\t\t\t\t\t\n\t\t\t\t\n\t\t\t\t\t\t\t\t\t<div class=\"bdt-ep-advanced-icon-box-description\">\n\t\t\t\t\t\t<p>T\u1ed5ng h\u1ee3p c\u00e1c b\u00e0i gi\u1ea3ng, t\u1eeb v\u1ef1ng \u0111\u1ec3 luy\u1ec7n thi JLPT N2<\/p>\t\t\t\t\t<\/div>\n\t\t\t\t\n\t\t\t\t\t\t\t\t\t<a class=\"bdt-ep-advanced-icon-box-readmore\" href=\"#\">\n\t\t\t\t\t\t\n\t\t\t\t\t\tXem Th\u00eam\n\t\t\t\t\t\t\t\t\t\t\t<\/a>\n\t\t\t\t\t\t\t<\/div>\n\t\t<\/div>\n\n\t\t\n\t\t\n\t\t\t\t<\/div>\n\t\t\t\t<\/div>\n\t\t\t\t\t<\/div>\n\t\t<\/div>\n\t\t\t\t<div class=\"elementor-column elementor-col-33 elementor-top-column elementor-element elementor-element-889c000 ot-flex-column-vertical\" data-id=\"889c000\" data-element_type=\"column\" data-e-type=\"column\">\n\t\t\t<div class=\"elementor-widget-wrap elementor-element-populated\">\n\t\t\t\t\t\t<div class=\"elementor-element elementor-element-f6684f4 bdt-icon-type-image elementor-position-top bdt-icon-effect-none elementor-widget elementor-widget-bdt-advanced-icon-box\" data-id=\"f6684f4\" data-element_type=\"widget\" data-e-type=\"widget\" data-widget_type=\"bdt-advanced-icon-box.default\">\n\t\t\t\t<div class=\"elementor-widget-container\">\n\t\t\t\t\t\t\t<div class=\"bdt-ep-advanced-icon-box\">\n\n\t\t\t\t\t\t\t\n\t\t\t\t\t<div class=\"bdt-ep-advanced-icon-box-icon\">\n\t\t\t\t<span class=\"bdt-ep-advanced-icon-box-icon-wrap\">\n\n\n\t\t\t\t\t<img decoding=\"async\" width=\"58\" height=\"58\" src=\"https:\/\/translationifk.com\/wp-content\/uploads\/2021\/02\/ngu-phap-tieng-nhat.svg\" class=\"attachment-full size-full\" alt=\"H\u1ecdc Ng\u1eef Ph\u00e1p N2\" srcset=\"https:\/\/translationifk.com\/wp-content\/uploads\/\/2021\/02\/ngu-phap-tieng-nhat.svg 150w, https:\/\/translationifk.com\/wp-content\/uploads\/\/2021\/02\/ngu-phap-tieng-nhat.svg 300w, https:\/\/translationifk.com\/wp-content\/uploads\/\/2021\/02\/ngu-phap-tieng-nhat.svg 800w, https:\/\/translationifk.com\/wp-content\/uploads\/\/2021\/02\/ngu-phap-tieng-nhat.svg 57.88w\" sizes=\"(max-width: 58px) 100vw, 58px\" \/>\t\t\t\t<\/span>\n\t\t\t<\/div>\n\t\t\n\t\t\t\t\n\t\t\t<div class=\"bdt-ep-advanced-icon-box-content\">\n\n\t\t\t\t\t\t\t\t\t\t\t<h3 class=\"bdt-ep-advanced-icon-box-title ep-title-\">\n\t\t\t<span >\n\t\t\t\tH\u1ecdc Ng\u1eef Ph\u00e1p N2\t\t\t<\/span>\n\t\t<\/h3>\n\t\t\t\t\t\t\n\t\t\t\t\n\t\t\t\t\t\t\t\t\t<div class=\"bdt-ep-advanced-icon-box-description\">\n\t\t\t\t\t\t<p>T\u1ed5ng h\u1ee3p c\u00e1c b\u00e0i gi\u1ea3ng,ng\u1eef ph\u00e1p \u0111\u1ec3 luy\u1ec7n thi JLPT N2<\/p>\t\t\t\t\t<\/div>\n\t\t\t\t\n\t\t\t\t\t\t\t\t\t<a class=\"bdt-ep-advanced-icon-box-readmore\" href=\"https:\/\/translationifk.com\/tong-hop-ngu-phap-n2\/\">\n\t\t\t\t\t\t\n\t\t\t\t\t\tXem Th\u00eam\n\t\t\t\t\t\t\t\t\t\t\t<\/a>\n\t\t\t\t\t\t\t<\/div>\n\t\t<\/div>\n\n\t\t\n\t\t\n\t\t\t\t<\/div>\n\t\t\t\t<\/div>\n\t\t\t\t\t<\/div>\n\t\t<\/div>\n\t\t\t\t<div class=\"elementor-column elementor-col-33 elementor-top-column elementor-element elementor-element-2ef7cea ot-flex-column-vertical\" data-id=\"2ef7cea\" data-element_type=\"column\" data-e-type=\"column\">\n\t\t\t<div class=\"elementor-widget-wrap elementor-element-populated\">\n\t\t\t\t\t\t<div class=\"elementor-element elementor-element-12223b9 bdt-icon-type-image elementor-position-top bdt-icon-effect-none elementor-widget elementor-widget-bdt-advanced-icon-box\" data-id=\"12223b9\" data-element_type=\"widget\" data-e-type=\"widget\" data-widget_type=\"bdt-advanced-icon-box.default\">\n\t\t\t\t<div class=\"elementor-widget-container\">\n\t\t\t\t\t\t\t<div class=\"bdt-ep-advanced-icon-box\">\n\n\t\t\t\t\t\t\t\n\t\t\t\t\t<div class=\"bdt-ep-advanced-icon-box-icon\">\n\t\t\t\t<span class=\"bdt-ep-advanced-icon-box-icon-wrap\">\n\n\n\t\t\t\t\t<img decoding=\"async\" width=\"46\" height=\"52\" src=\"https:\/\/translationifk.com\/wp-content\/uploads\/2021\/02\/doc-hieu-tieng-nhat.svg\" class=\"attachment-full size-full\" alt=\"Luy\u1ec7n \u0110\u1ecdc Hi\u1ec3u N2\" \/>\t\t\t\t<\/span>\n\t\t\t<\/div>\n\t\t\n\t\t\t\t\n\t\t\t<div class=\"bdt-ep-advanced-icon-box-content\">\n\n\t\t\t\t\t\t\t\t\t\t\t<h3 class=\"bdt-ep-advanced-icon-box-title ep-title-\">\n\t\t\t<span >\n\t\t\t\tLuy\u1ec7n \u0110\u1ecdc Hi\u1ec3u N2\t\t\t<\/span>\n\t\t<\/h3>\n\t\t\t\t\t\t\n\t\t\t\t\n\t\t\t\t\t\t\t\t\t<div class=\"bdt-ep-advanced-icon-box-description\">\n\t\t\t\t\t\t<p>T\u1ed5ng h\u1ee3p c\u00e1c b\u00e0i gi\u1ea3ng v\u00e0 c\u00e1c b\u00e0i \u0111\u1ec3 luy\u1ec7n \u0111\u1ecdc hi\u1ec3u JLPT N2<\/p>\t\t\t\t\t<\/div>\n\t\t\t\t\n\t\t\t\t\t\t\t\t\t<a class=\"bdt-ep-advanced-icon-box-readmore\" href=\"#\">\n\t\t\t\t\t\t\n\t\t\t\t\t\tXem Th\u00eam\n\t\t\t\t\t\t\t\t\t\t\t<\/a>\n\t\t\t\t\t\t\t<\/div>\n\t\t<\/div>\n\n\t\t\n\t\t\n\t\t\t\t<\/div>\n\t\t\t\t<\/div>\n\t\t\t\t\t<\/div>\n\t\t<\/div>\n\t\t\t\t\t<\/div>\n\t\t<\/section>\n\t\t\t\t<section class=\"elementor-section elementor-top-section elementor-element elementor-element-8c6ef82 elementor-section-boxed elementor-section-height-default elementor-section-height-default magic-button-disabled-no\" data-id=\"8c6ef82\" data-element_type=\"section\" data-e-type=\"section\">\n\t\t\t\t\t\t<div class=\"elementor-container elementor-column-gap-wide\">\n\t\t\t\t\t<div class=\"elementor-column elementor-col-33 elementor-top-column elementor-element elementor-element-39e7c28 ot-flex-column-vertical\" data-id=\"39e7c28\" data-element_type=\"column\" data-e-type=\"column\">\n\t\t\t<div class=\"elementor-widget-wrap elementor-element-populated\">\n\t\t\t\t\t\t<div class=\"elementor-element elementor-element-c93718f bdt-icon-type-image elementor-position-top bdt-icon-effect-none elementor-widget elementor-widget-bdt-advanced-icon-box\" data-id=\"c93718f\" data-element_type=\"widget\" data-e-type=\"widget\" data-widget_type=\"bdt-advanced-icon-box.default\">\n\t\t\t\t<div class=\"elementor-widget-container\">\n\t\t\t\t\t\t\t<div class=\"bdt-ep-advanced-icon-box\">\n\n\t\t\t\t\t\t\t\n\t\t\t\t\t<div class=\"bdt-ep-advanced-icon-box-icon\">\n\t\t\t\t<span class=\"bdt-ep-advanced-icon-box-icon-wrap\">\n\n\n\t\t\t\t\t<img loading=\"lazy\" decoding=\"async\" width=\"63\" height=\"63\" src=\"https:\/\/translationifk.com\/wp-content\/uploads\/2021\/02\/dich-thuat-online-1.svg\" class=\"attachment-full size-full\" alt=\"H\u1ecdc Nghe JLPT N2\" srcset=\"https:\/\/translationifk.com\/wp-content\/uploads\/\/2021\/02\/dich-thuat-online-1.svg 150w, https:\/\/translationifk.com\/wp-content\/uploads\/\/2021\/02\/dich-thuat-online-1.svg 300w, https:\/\/translationifk.com\/wp-content\/uploads\/\/2021\/02\/dich-thuat-online-1.svg 800w, https:\/\/translationifk.com\/wp-content\/uploads\/\/2021\/02\/dich-thuat-online-1.svg 62.5w\" sizes=\"(max-width: 63px) 100vw, 63px\" \/>\t\t\t\t<\/span>\n\t\t\t<\/div>\n\t\t\n\t\t\t\t\n\t\t\t<div class=\"bdt-ep-advanced-icon-box-content\">\n\n\t\t\t\t\t\t\t\t\t\t\t<h3 class=\"bdt-ep-advanced-icon-box-title ep-title-\">\n\t\t\t<span >\n\t\t\t\tH\u1ecdc Nghe JLPT N2\t\t\t<\/span>\n\t\t<\/h3>\n\t\t\t\t\t\t\n\t\t\t\t\n\t\t\t\t\t\t\t\t\t<div class=\"bdt-ep-advanced-icon-box-description\">\n\t\t\t\t\t\t<p>T\u1ed5ng h\u1ee3p c\u00e1c b\u00e0i luy\u1ec7n nghe \u1edf tr\u00ecnh \u0111\u1ed9 JLPT N2<\/p>\t\t\t\t\t<\/div>\n\t\t\t\t\n\t\t\t\t\t\t\t\t\t<a class=\"bdt-ep-advanced-icon-box-readmore\" href=\"#\">\n\t\t\t\t\t\t\n\t\t\t\t\t\tXem Th\u00eam\n\t\t\t\t\t\t\t\t\t\t\t<\/a>\n\t\t\t\t\t\t\t<\/div>\n\t\t<\/div>\n\n\t\t\n\t\t\n\t\t\t\t<\/div>\n\t\t\t\t<\/div>\n\t\t\t\t\t<\/div>\n\t\t<\/div>\n\t\t\t\t<div class=\"elementor-column elementor-col-33 elementor-top-column elementor-element elementor-element-51dcc94 ot-flex-column-vertical\" data-id=\"51dcc94\" data-element_type=\"column\" data-e-type=\"column\">\n\t\t\t<div class=\"elementor-widget-wrap elementor-element-populated\">\n\t\t\t\t\t\t<div class=\"elementor-element elementor-element-40f361b bdt-icon-type-image elementor-position-top bdt-icon-effect-none elementor-widget elementor-widget-bdt-advanced-icon-box\" data-id=\"40f361b\" data-element_type=\"widget\" data-e-type=\"widget\" data-widget_type=\"bdt-advanced-icon-box.default\">\n\t\t\t\t<div class=\"elementor-widget-container\">\n\t\t\t\t\t\t\t<div class=\"bdt-ep-advanced-icon-box\">\n\n\t\t\t\t\t\t\t\n\t\t\t\t\t<div class=\"bdt-ep-advanced-icon-box-icon\">\n\t\t\t\t<span class=\"bdt-ep-advanced-icon-box-icon-wrap\">\n\n\n\t\t\t\t\t<img loading=\"lazy\" decoding=\"async\" width=\"63\" height=\"63\" src=\"https:\/\/translationifk.com\/wp-content\/uploads\/2021\/02\/luyen-thi-tieng-nhat.svg\" class=\"attachment-full size-full\" alt=\"Luy\u1ec7n \u0110\u1ec1 JLPT N2\" srcset=\"https:\/\/translationifk.com\/wp-content\/uploads\/\/2021\/02\/luyen-thi-tieng-nhat.svg 150w, https:\/\/translationifk.com\/wp-content\/uploads\/\/2021\/02\/luyen-thi-tieng-nhat.svg 300w, https:\/\/translationifk.com\/wp-content\/uploads\/\/2021\/02\/luyen-thi-tieng-nhat.svg 800w, https:\/\/translationifk.com\/wp-content\/uploads\/\/2021\/02\/luyen-thi-tieng-nhat.svg 62.56w\" sizes=\"(max-width: 63px) 100vw, 63px\" \/>\t\t\t\t<\/span>\n\t\t\t<\/div>\n\t\t\n\t\t\t\t\n\t\t\t<div class=\"bdt-ep-advanced-icon-box-content\">\n\n\t\t\t\t\t\t\t\t\t\t\t<h3 class=\"bdt-ep-advanced-icon-box-title ep-title-\">\n\t\t\t<span >\n\t\t\t\tLuy\u1ec7n \u0110\u1ec1 JLPT N2\t\t\t<\/span>\n\t\t<\/h3>\n\t\t\t\t\t\t\n\t\t\t\t\n\t\t\t\t\t\t\t\t\t<div class=\"bdt-ep-advanced-icon-box-description\">\n\t\t\t\t\t\t<p>T\u1ed5ng h\u1ee3p c\u00e1c b\u00e0i gi\u1ea3ng v\u00e0 c\u00e1c \u0111\u1ec1 thi m\u1eabu JLPT N2<\/p>\t\t\t\t\t<\/div>\n\t\t\t\t\n\t\t\t\t\t\t\t\t\t<a class=\"bdt-ep-advanced-icon-box-readmore\" href=\"#\">\n\t\t\t\t\t\t\n\t\t\t\t\t\tXem Th\u00eam\n\t\t\t\t\t\t\t\t\t\t\t<\/a>\n\t\t\t\t\t\t\t<\/div>\n\t\t<\/div>\n\n\t\t\n\t\t\n\t\t\t\t<\/div>\n\t\t\t\t<\/div>\n\t\t\t\t\t<\/div>\n\t\t<\/div>\n\t\t\t\t<div class=\"elementor-column elementor-col-33 elementor-top-column elementor-element elementor-element-0bfd863 ot-flex-column-vertical\" data-id=\"0bfd863\" data-element_type=\"column\" data-e-type=\"column\">\n\t\t\t<div class=\"elementor-widget-wrap elementor-element-populated\">\n\t\t\t\t\t\t<div class=\"elementor-element elementor-element-3c6d28e bdt-icon-type-image elementor-position-top bdt-icon-effect-none elementor-widget elementor-widget-bdt-advanced-icon-box\" data-id=\"3c6d28e\" data-element_type=\"widget\" data-e-type=\"widget\" data-widget_type=\"bdt-advanced-icon-box.default\">\n\t\t\t\t<div class=\"elementor-widget-container\">\n\t\t\t\t\t\t\t<div class=\"bdt-ep-advanced-icon-box\">\n\n\t\t\t\t\t\t\t\n\t\t\t\t\t<div class=\"bdt-ep-advanced-icon-box-icon\">\n\t\t\t\t<span class=\"bdt-ep-advanced-icon-box-icon-wrap\">\n\n\n\t\t\t\t\t<img loading=\"lazy\" decoding=\"async\" width=\"61\" height=\"61\" src=\"https:\/\/translationifk.com\/wp-content\/uploads\/2021\/02\/luyen-dich-tieng-nhat.svg\" class=\"attachment-full size-full\" alt=\"T\u1ed4NG H\u1ee2P T\u00c0I LI\u1ec6U N2\" srcset=\"https:\/\/translationifk.com\/wp-content\/uploads\/\/2021\/02\/luyen-dich-tieng-nhat.svg 150w, https:\/\/translationifk.com\/wp-content\/uploads\/\/2021\/02\/luyen-dich-tieng-nhat.svg 300w, https:\/\/translationifk.com\/wp-content\/uploads\/\/2021\/02\/luyen-dich-tieng-nhat.svg 800w, https:\/\/translationifk.com\/wp-content\/uploads\/\/2021\/02\/luyen-dich-tieng-nhat.svg 61.39w\" sizes=\"(max-width: 61px) 100vw, 61px\" \/>\t\t\t\t<\/span>\n\t\t\t<\/div>\n\t\t\n\t\t\t\t\n\t\t\t<div class=\"bdt-ep-advanced-icon-box-content\">\n\n\t\t\t\t\t\t\t\t\t\t\t<h3 class=\"bdt-ep-advanced-icon-box-title ep-title-\">\n\t\t\t<span >\n\t\t\t\tT\u1ed4NG H\u1ee2P T\u00c0I LI\u1ec6U N2\t\t\t<\/span>\n\t\t<\/h3>\n\t\t\t\t\t\t\n\t\t\t\t\n\t\t\t\t\t\t\t\t\t<div class=\"bdt-ep-advanced-icon-box-description\">\n\t\t\t\t\t\t<p>T\u1ed5ng h\u1ee3p c\u00e1c t\u00e0i li\u1ec7u h\u1ecdc ti\u1ebfng Nh\u1eadt N2 mi\u1ec5n ph\u00ed down<\/p>\t\t\t\t\t<\/div>\n\t\t\t\t\n\t\t\t\t\t\t\t\t\t<a class=\"bdt-ep-advanced-icon-box-readmore\" href=\"https:\/\/translationifk.com\/tong-hop-tai-lieu-tieng-nhat-n2-ifk\/\">\n\t\t\t\t\t\t\n\t\t\t\t\t\tXem Th\u00eam\n\t\t\t\t\t\t\t\t\t\t\t<\/a>\n\t\t\t\t\t\t\t<\/div>\n\t\t<\/div>\n\n\t\t\n\t\t\n\t\t\t\t<\/div>\n\t\t\t\t<\/div>\n\t\t\t\t\t<\/div>\n\t\t<\/div>\n\t\t\t\t\t<\/div>\n\t\t<\/section>\n\t\t\t\t<\/div>\n\t\t","protected":false},"excerpt":{"rendered":"<p>T\u1ed5ng H\u1ee3p Ki\u1ebfn Th\u1ee9c Ti\u1ebfng Nh\u1eadt N2 Blog h\u1ecdc ti\u1ebfng Nh\u1eadt n2 mi\u1ec5n Ph\u00ed \u0110\u00e2y l\u00e0 k\u00eanh m\u00e0 \u0111\u1ed9i ng\u0169 nh\u00e2n vi\u00ean v\u00e0 c\u00e1c th\u00f4ng d\u1ecbch vi\u00ean IFK x\u00e2y d\u1ef1ng v\u00e0 chia s\u1ebb nh\u1eefng b\u00e0i vi\u1ebft \u0111\u1ec3 c\u00e1c h\u1ecdc vi\u00ean h\u1ecdc t\u1eadp ti\u1ebfng Nh\u1eadt. H\u1ecdc T\u1eeb V\u1ef1ng N2 T\u1ed5ng h\u1ee3p c\u00e1c b\u00e0i gi\u1ea3ng, t\u1eeb v\u1ef1ng [&hellip;]<\/p>\n","protected":false},"author":131,"featured_media":19059,"parent":0,"menu_order":0,"comment_status":"closed","ping_status":"closed","template":"","meta":{"_seopress_robots_primary_cat":"","footnotes":""},"class_list":["post-20531","page","type-page","status-publish","has-post-thumbnail"],"_links":{"self":[{"href":"https:\/\/translationifk.com\/en\/wp-json\/wp\/v2\/pages\/20531","targetHints":{"allow":["GET"]}}],"collection":[{"href":"https:\/\/translationifk.com\/en\/wp-json\/wp\/v2\/pages"}],"about":[{"href":"https:\/\/translationifk.com\/en\/wp-json\/wp\/v2\/types\/page"}],"author":[{"embeddable":true,"href":"https:\/\/translationifk.com\/en\/wp-json\/wp\/v2\/users\/131"}],"replies":[{"embeddable":true,"href":"https:\/\/translationifk.com\/en\/wp-json\/wp\/v2\/comments?post=20531"}],"version-history":[{"count":0,"href":"https:\/\/translationifk.com\/en\/wp-json\/wp\/v2\/pages\/20531\/revisions"}],"wp:featuredmedia":[{"embeddable":true,"href":"https:\/\/translationifk.com\/en\/wp-json\/wp\/v2\/media\/19059"}],"wp:attachment":[{"href":"https:\/\/translationifk.com\/en\/wp-json\/wp\/v2\/media?parent=20531"}],"curies":[{"name":"wp","href":"https:\/\/api.w.org\/{rel}","templated":true}]}}