{"id":3863,"date":"2020-02-28T12:46:51","date_gmt":"2020-02-28T12:46:51","guid":{"rendered":"https:\/\/translationifk.com\/yeu-cau-bao-gia\/"},"modified":"2022-02-04T14:40:19","modified_gmt":"2022-02-04T07:40:19","slug":"yeu-cau-bao-gia","status":"publish","type":"page","link":"https:\/\/translationifk.com\/en\/yeu-cau-bao-gia\/","title":{"rendered":"Y\u00eau C\u1ea7u B\u00e1o Gi\u00e1 D\u1ecbch Thu\u1eadt"},"content":{"rendered":"\t\t<div data-elementor-type=\"wp-page\" data-elementor-id=\"3863\" class=\"elementor elementor-3863\" data-elementor-settings=\"{&quot;element_pack_global_tooltip_width&quot;:{&quot;unit&quot;:&quot;px&quot;,&quot;size&quot;:&quot;&quot;,&quot;sizes&quot;:[]},&quot;element_pack_global_tooltip_width_tablet&quot;:{&quot;unit&quot;:&quot;px&quot;,&quot;size&quot;:&quot;&quot;,&quot;sizes&quot;:[]},&quot;element_pack_global_tooltip_width_mobile&quot;:{&quot;unit&quot;:&quot;px&quot;,&quot;size&quot;:&quot;&quot;,&quot;sizes&quot;:[]},&quot;element_pack_global_tooltip_padding&quot;:{&quot;unit&quot;:&quot;px&quot;,&quot;top&quot;:&quot;&quot;,&quot;right&quot;:&quot;&quot;,&quot;bottom&quot;:&quot;&quot;,&quot;left&quot;:&quot;&quot;,&quot;isLinked&quot;:true},&quot;element_pack_global_tooltip_padding_tablet&quot;:{&quot;unit&quot;:&quot;px&quot;,&quot;top&quot;:&quot;&quot;,&quot;right&quot;:&quot;&quot;,&quot;bottom&quot;:&quot;&quot;,&quot;left&quot;:&quot;&quot;,&quot;isLinked&quot;:true},&quot;element_pack_global_tooltip_padding_mobile&quot;:{&quot;unit&quot;:&quot;px&quot;,&quot;top&quot;:&quot;&quot;,&quot;right&quot;:&quot;&quot;,&quot;bottom&quot;:&quot;&quot;,&quot;left&quot;:&quot;&quot;,&quot;isLinked&quot;:true},&quot;element_pack_global_tooltip_border_radius&quot;:{&quot;unit&quot;:&quot;px&quot;,&quot;top&quot;:&quot;&quot;,&quot;right&quot;:&quot;&quot;,&quot;bottom&quot;:&quot;&quot;,&quot;left&quot;:&quot;&quot;,&quot;isLinked&quot;:true},&quot;element_pack_global_tooltip_border_radius_tablet&quot;:{&quot;unit&quot;:&quot;px&quot;,&quot;top&quot;:&quot;&quot;,&quot;right&quot;:&quot;&quot;,&quot;bottom&quot;:&quot;&quot;,&quot;left&quot;:&quot;&quot;,&quot;isLinked&quot;:true},&quot;element_pack_global_tooltip_border_radius_mobile&quot;:{&quot;unit&quot;:&quot;px&quot;,&quot;top&quot;:&quot;&quot;,&quot;right&quot;:&quot;&quot;,&quot;bottom&quot;:&quot;&quot;,&quot;left&quot;:&quot;&quot;,&quot;isLinked&quot;:true}}\" data-elementor-post-type=\"page\">\n\t\t\t\t\t\t<section class=\"elementor-section elementor-top-section elementor-element elementor-element-4ca975a elementor-section-boxed elementor-section-height-default elementor-section-height-default magic-button-disabled-no\" data-id=\"4ca975a\" data-element_type=\"section\" data-e-type=\"section\" data-settings=\"{&quot;background_background&quot;:&quot;classic&quot;,&quot;shape_divider_bottom&quot;:&quot;clouds&quot;}\">\n\t\t\t\t\t<div class=\"elementor-shape elementor-shape-bottom\" aria-hidden=\"true\" data-negative=\"false\">\n\t\t\t<svg xmlns=\"http:\/\/www.w3.org\/2000\/svg\" viewBox=\"0 0 283.5 27.8\" preserveAspectRatio=\"xMidYMax slice\">\n  <path class=\"elementor-shape-fill\" d=\"M0 0v6.7c1.9-.8 4.7-1.4 8.5-1 9.5 1.1 11.1 6 11.1 6s2.1-.7 4.3-.2c2.1.5 2.8 2.6 2.8 2.6s.2-.5 1.4-.7c1.2-.2 1.7.2 1.7.2s0-2.1 1.9-2.8c1.9-.7 3.6.7 3.6.7s.7-2.9 3.1-4.1 4.7 0 4.7 0 1.2-.5 2.4 0 1.7 1.4 1.7 1.4h1.4c.7 0 1.2.7 1.2.7s.8-1.8 4-2.2c3.5-.4 5.3 2.4 6.2 4.4.4-.4 1-.7 1.8-.9 2.8-.7 4 .7 4 .7s1.7-5 11.1-6c9.5-1.1 12.3 3.9 12.3 3.9s1.2-4.8 5.7-5.7c4.5-.9 6.8 1.8 6.8 1.8s.6-.6 1.5-.9c.9-.2 1.9-.2 1.9-.2s5.2-6.4 12.6-3.3c7.3 3.1 4.7 9 4.7 9s1.9-.9 4 0 2.8 2.4 2.8 2.4 1.9-1.2 4.5-1.2 4.3 1.2 4.3 1.2.2-1 1.4-1.7 2.1-.7 2.1-.7-.5-3.1 2.1-5.5 5.7-1.4 5.7-1.4 1.5-2.3 4.2-1.1c2.7 1.2 1.7 5.2 1.7 5.2s.3-.1 1.3.5c.5.4.8.8.9 1.1.5-1.4 2.4-5.8 8.4-4 7.1 2.1 3.5 8.9 3.5 8.9s.8-.4 2 0 1.1 1.1 1.1 1.1 1.1-1.1 2.3-1.1 2.1.5 2.1.5 1.9-3.6 6.2-1.2 1.9 6.4 1.9 6.4 2.6-2.4 7.4 0c3.4 1.7 3.9 4.9 3.9 4.9s3.3-6.9 10.4-7.9 11.5 2.6 11.5 2.6.8 0 1.2.2c.4.2.9.9.9.9s4.4-3.1 8.3.2c1.9 1.7 1.5 5 1.5 5s.3-1.1 1.6-1.4c1.3-.3 2.3.2 2.3.2s-.1-1.2.5-1.9 1.9-.9 1.9-.9-4.7-9.3 4.4-13.4c5.6-2.5 9.2.9 9.2.9s5-6.2 15.9-6.2 16.1 8.1 16.1 8.1.7-.2 1.6-.4V0H0z\"\/>\n<\/svg>\n\t\t<\/div>\n\t\t\t\t\t<div class=\"elementor-container elementor-column-gap-extended\">\n\t\t\t\t\t<div class=\"elementor-column elementor-col-50 elementor-top-column elementor-element elementor-element-c06b782 ot-column-items-center ot-flex-column-vertical\" data-id=\"c06b782\" data-element_type=\"column\" data-e-type=\"column\">\n\t\t\t<div class=\"elementor-widget-wrap elementor-element-populated\">\n\t\t\t\t\t\t<div class=\"elementor-element elementor-element-503809b elementor-widget elementor-widget-bdt-advanced-heading\" data-id=\"503809b\" data-element_type=\"widget\" data-e-type=\"widget\" data-widget_type=\"bdt-advanced-heading.default\">\n\t\t\t\t<div class=\"elementor-widget-container\">\n\t\t\t\t\t<div id=\"503809b\" class=\"bdt-ep-advanced-heading\" data-settings=\"{&quot;titleMultiColor&quot;:&quot;no&quot;}\"><div class=\"bdt-ep-advanced-heading-sub-title\"><div class=\"bdt-ep-advanced-heading-sub-title-content\">C\u00f4ng Ty Gi\u00e1o D\u1ee5c V\u00e0 D\u1ecbch Thu\u1eadt IFK<\/div><\/div><h1 class=\"bdt-ep-advanced-heading-title\"><span class=\"bdt-ep-advanced-heading-main-title\"><span class=\"bdt-ep-advanced-heading-main-title-inner\">Y\u00eau C\u1ea7u B\u00e1o Gi\u00e1 D\u1ecbch Thu\u1eadt<\/span><\/span><\/h1><\/div>\t\t\t\t<\/div>\n\t\t\t\t<\/div>\n\t\t\t\t<div class=\"elementor-element elementor-element-30e1d14 elementor-widget elementor-widget-text-editor\" data-id=\"30e1d14\" data-element_type=\"widget\" data-e-type=\"widget\" data-widget_type=\"text-editor.default\">\n\t\t\t\t<div class=\"elementor-widget-container\">\n\t\t\t\t\t\t\t\t\t<p>IFK chuy\u00ean cung c\u1ea5p d\u1ecbch v\u1ee5 bi\u00ean phi\u00ean d\u1ecbch sang ng\u00f4n ng\u1eef ti\u1ebfng Nh\u1eadt &#8211; ti\u1ebfng Anh &#8211; ti\u1ebfng Vi\u1ec7t, qu\u00fd kh\u00e1ch c\u00f3 th\u1ec3 ho\u00e0n thi\u1ec7n form li\u00ean h\u1ec7 b\u00e1o gi\u00e1 b\u00ean d\u01b0\u1edbi \u0111\u1ec3 \u0111\u1ed9i ng\u0169 t\u01b0 v\u1ea5n vi\u00ean IFK li\u00ean h\u1ec7 l\u1ea1i b\u1ea1n.<\/p>\t\t\t\t\t\t\t\t<\/div>\n\t\t\t\t<\/div>\n\t\t\t\t<div class=\"elementor-element elementor-element-910e4fa elementor-align-left elementor-widget elementor-widget-button\" data-id=\"910e4fa\" data-element_type=\"widget\" data-e-type=\"widget\" data-widget_type=\"button.default\">\n\t\t\t\t<div class=\"elementor-widget-container\">\n\t\t\t\t\t\t\t\t\t<div class=\"elementor-button-wrapper\">\n\t\t\t\t\t<a class=\"elementor-button elementor-button-link elementor-size-sm elementor-animation-float\" href=\"#dichvuctyifk\">\n\t\t\t\t\t\t<span class=\"elementor-button-content-wrapper\">\n\t\t\t\t\t\t<span class=\"elementor-button-icon\">\n\t\t\t\t<svg xmlns=\"http:\/\/www.w3.org\/2000\/svg\" id=\"bb64cb4a-5cee-426f-944d-5ba66396baf0\" data-name=\"Layer 1\" width=\"8\" height=\"13\" viewBox=\"0 0 8 13\"><title>arrow-icon-down<\/title><path d=\"M7.894,8.8227a.386.386,0,0,0-.5415-.0012L4.3763,11.7386V.3735A.3678.3678,0,0,0,4.189.05.3837.3837,0,0,0,3.81.05a.3678.3678,0,0,0-.1873.3233V11.7386L.6469,8.8227a.3829.3829,0,0,0-.5332-.0092A.3613.3613,0,0,0,0,9.0766a.3825.3825,0,0,0,.1125.2679l3.62,3.5476a.3835.3835,0,0,0,.5332,0L7.8848,9.3453A.3631.3631,0,0,0,8,9.086L8,9.08A.3638.3638,0,0,0,7.894,8.8227Z\"><\/path><\/svg>\t\t\t<\/span>\n\t\t\t\t\t\t\t\t\t<span class=\"elementor-button-text\">Form y\u00eau c\u1ea7u b\u00e1o gi\u00e1<\/span>\n\t\t\t\t\t<\/span>\n\t\t\t\t\t<\/a>\n\t\t\t\t<\/div>\n\t\t\t\t\t\t\t\t<\/div>\n\t\t\t\t<\/div>\n\t\t\t\t<div class=\"elementor-element elementor-element-9f72f8f elementor-widget elementor-widget-spacer\" data-id=\"9f72f8f\" data-element_type=\"widget\" data-e-type=\"widget\" data-widget_type=\"spacer.default\">\n\t\t\t\t<div class=\"elementor-widget-container\">\n\t\t\t\t\t\t\t<div class=\"elementor-spacer\">\n\t\t\t<div class=\"elementor-spacer-inner\"><\/div>\n\t\t<\/div>\n\t\t\t\t\t\t<\/div>\n\t\t\t\t<\/div>\n\t\t\t\t\t<\/div>\n\t\t<\/div>\n\t\t\t\t<div class=\"elementor-column elementor-col-50 elementor-top-column elementor-element elementor-element-cbc0078 ot-column-items-center ot-flex-column-vertical\" data-id=\"cbc0078\" data-element_type=\"column\" data-e-type=\"column\">\n\t\t\t<div class=\"elementor-widget-wrap elementor-element-populated\">\n\t\t\t\t\t\t<div class=\"elementor-element elementor-element-294c3cf elementor-widget elementor-widget-image\" data-id=\"294c3cf\" data-element_type=\"widget\" data-e-type=\"widget\" data-widget_type=\"image.default\">\n\t\t\t\t<div class=\"elementor-widget-container\">\n\t\t\t\t\t\t\t\t\t\t\t\t\t\t\t<img fetchpriority=\"high\" decoding=\"async\" width=\"800\" height=\"451\" src=\"https:\/\/translationifk.com\/wp-content\/uploads\/2021\/08\/Yeu-Cau-Bao-Gia-Dich-Thuat-Nhanh-Chong-800x451.jpg\" class=\"attachment-large size-large wp-image-195272\" alt=\"Yeu Cau Bao Gia Dich Thuat Nhanh Chong\" srcset=\"https:\/\/translationifk.com\/wp-content\/uploads\/2021\/08\/Yeu-Cau-Bao-Gia-Dich-Thuat-Nhanh-Chong-800x451.jpg 800w, https:\/\/translationifk.com\/wp-content\/uploads\/2021\/08\/Yeu-Cau-Bao-Gia-Dich-Thuat-Nhanh-Chong-300x169.jpg 300w, https:\/\/translationifk.com\/wp-content\/uploads\/2021\/08\/Yeu-Cau-Bao-Gia-Dich-Thuat-Nhanh-Chong-768x433.jpg 768w, https:\/\/translationifk.com\/wp-content\/uploads\/2021\/08\/Yeu-Cau-Bao-Gia-Dich-Thuat-Nhanh-Chong-1536x865.jpg 1536w, https:\/\/translationifk.com\/wp-content\/uploads\/2021\/08\/Yeu-Cau-Bao-Gia-Dich-Thuat-Nhanh-Chong.jpg 1640w\" sizes=\"(max-width: 800px) 100vw, 800px\" \/>\t\t\t\t\t\t\t\t\t\t\t\t\t\t\t<\/div>\n\t\t\t\t<\/div>\n\t\t\t\t\t<\/div>\n\t\t<\/div>\n\t\t\t\t\t<\/div>\n\t\t<\/section>\n\t\t\t\t<section class=\"elementor-section elementor-top-section elementor-element elementor-element-2da333a elementor-section-boxed elementor-section-height-default elementor-section-height-default magic-button-disabled-no\" data-id=\"2da333a\" data-element_type=\"section\" data-e-type=\"section\">\n\t\t\t\t\t\t<div class=\"elementor-container elementor-column-gap-default\">\n\t\t\t\t\t<div class=\"elementor-column elementor-col-100 elementor-top-column elementor-element elementor-element-20d5508 ot-flex-column-vertical\" data-id=\"20d5508\" data-element_type=\"column\" data-e-type=\"column\">\n\t\t\t<div class=\"elementor-widget-wrap elementor-element-populated\">\n\t\t\t\t\t\t<div class=\"elementor-element elementor-element-0e42700 elementor-widget elementor-widget-html\" data-id=\"0e42700\" data-element_type=\"widget\" data-e-type=\"widget\" data-widget_type=\"html.default\">\n\t\t\t\t<div class=\"elementor-widget-container\">\n\t\t\t\t\t<iframe width=\"600\" height=\"850\" src=\"https:\/\/work.ifkgroup.net\/forms\/quote\/d3e62dcb9bf76fef5aecba9c19086025\" frameborder=\"0\" sandbox=\"allow-top-navigation allow-scripts allow-forms allow-same-origin\" allowfullscreen><\/iframe>\t\t\t\t<\/div>\n\t\t\t\t<\/div>\n\t\t\t\t\t<\/div>\n\t\t<\/div>\n\t\t\t\t\t<\/div>\n\t\t<\/section>\n\t\t\t\t<section class=\"elementor-section elementor-top-section elementor-element elementor-element-34f08dd elementor-section-boxed elementor-section-height-default elementor-section-height-default magic-button-disabled-no\" data-id=\"34f08dd\" data-element_type=\"section\" data-e-type=\"section\" data-settings=\"{&quot;background_background&quot;:&quot;classic&quot;,&quot;shape_divider_top&quot;:&quot;clouds&quot;}\">\n\t\t\t\t\t<div class=\"elementor-shape elementor-shape-top\" aria-hidden=\"true\" data-negative=\"false\">\n\t\t\t<svg xmlns=\"http:\/\/www.w3.org\/2000\/svg\" viewBox=\"0 0 283.5 27.8\" preserveAspectRatio=\"xMidYMax slice\">\n  <path class=\"elementor-shape-fill\" d=\"M0 0v6.7c1.9-.8 4.7-1.4 8.5-1 9.5 1.1 11.1 6 11.1 6s2.1-.7 4.3-.2c2.1.5 2.8 2.6 2.8 2.6s.2-.5 1.4-.7c1.2-.2 1.7.2 1.7.2s0-2.1 1.9-2.8c1.9-.7 3.6.7 3.6.7s.7-2.9 3.1-4.1 4.7 0 4.7 0 1.2-.5 2.4 0 1.7 1.4 1.7 1.4h1.4c.7 0 1.2.7 1.2.7s.8-1.8 4-2.2c3.5-.4 5.3 2.4 6.2 4.4.4-.4 1-.7 1.8-.9 2.8-.7 4 .7 4 .7s1.7-5 11.1-6c9.5-1.1 12.3 3.9 12.3 3.9s1.2-4.8 5.7-5.7c4.5-.9 6.8 1.8 6.8 1.8s.6-.6 1.5-.9c.9-.2 1.9-.2 1.9-.2s5.2-6.4 12.6-3.3c7.3 3.1 4.7 9 4.7 9s1.9-.9 4 0 2.8 2.4 2.8 2.4 1.9-1.2 4.5-1.2 4.3 1.2 4.3 1.2.2-1 1.4-1.7 2.1-.7 2.1-.7-.5-3.1 2.1-5.5 5.7-1.4 5.7-1.4 1.5-2.3 4.2-1.1c2.7 1.2 1.7 5.2 1.7 5.2s.3-.1 1.3.5c.5.4.8.8.9 1.1.5-1.4 2.4-5.8 8.4-4 7.1 2.1 3.5 8.9 3.5 8.9s.8-.4 2 0 1.1 1.1 1.1 1.1 1.1-1.1 2.3-1.1 2.1.5 2.1.5 1.9-3.6 6.2-1.2 1.9 6.4 1.9 6.4 2.6-2.4 7.4 0c3.4 1.7 3.9 4.9 3.9 4.9s3.3-6.9 10.4-7.9 11.5 2.6 11.5 2.6.8 0 1.2.2c.4.2.9.9.9.9s4.4-3.1 8.3.2c1.9 1.7 1.5 5 1.5 5s.3-1.1 1.6-1.4c1.3-.3 2.3.2 2.3.2s-.1-1.2.5-1.9 1.9-.9 1.9-.9-4.7-9.3 4.4-13.4c5.6-2.5 9.2.9 9.2.9s5-6.2 15.9-6.2 16.1 8.1 16.1 8.1.7-.2 1.6-.4V0H0z\"\/>\n<\/svg>\n\t\t<\/div>\n\t\t\t\t\t<div class=\"elementor-container elementor-column-gap-wide\">\n\t\t\t\t\t<div class=\"elementor-column elementor-col-50 elementor-top-column elementor-element elementor-element-01a7461 ot-column-items-center ot-flex-column-vertical\" data-id=\"01a7461\" data-element_type=\"column\" data-e-type=\"column\">\n\t\t\t<div class=\"elementor-widget-wrap elementor-element-populated\">\n\t\t\t\t\t\t<div class=\"elementor-element elementor-element-b615330 elementor-widget elementor-widget-bdt-animated-heading\" data-id=\"b615330\" data-element_type=\"widget\" data-e-type=\"widget\" data-widget_type=\"bdt-animated-heading.default\">\n\t\t\t\t<div class=\"elementor-widget-container\">\n\t\t\t\t\t<div id=\"bdtah-b615330\" class=\"bdt-heading bdt-heading-layout-animated\"><h3 class=\"bdt-heading-tag\" style=\"opacity: 0;\"><span class=\"bdt-pre-heading\">B\u1ea1n mu\u1ed1n li\u00ean h\u1ec7 <\/span> <span id=\"bdt-ah-b615330\" class=\"bdt-animated-heading\" data-settings=\"{&quot;layout&quot;:&quot;animated&quot;,&quot;animation&quot;:&quot;fadeInRight&quot;,&quot;speed&quot;:2500}\">D\u1ecbch Thu\u1eadt G\u1ea5p Trong Ng\u00e0y?<\/span> <\/h3><\/div>\t\t\t\t<\/div>\n\t\t\t\t<\/div>\n\t\t\t\t<div class=\"elementor-element elementor-element-de9a00d elementor-widget elementor-widget-text-editor\" data-id=\"de9a00d\" data-element_type=\"widget\" data-e-type=\"widget\" data-widget_type=\"text-editor.default\">\n\t\t\t\t<div class=\"elementor-widget-container\">\n\t\t\t\t\t\t\t\t\t<p>IFK c\u00f3 \u0111\u1ed9i ng\u0169 phi\u00ean d\u1ecbch vi\u00ean h\u1ed7 tr\u1ee3 24\/7 s\u1eb5n s\u00e0ng h\u1ed7 tr\u1ee3 kh\u00e1ch h\u00e0ng d\u1ecbch thu\u1eadt g\u1ea5p n\u00eau c\u1ea7n thi\u1ebft. H\u00e3y li\u00ean h\u1ec7 ch\u00fang t\u00f4i t\u1ea1i \u0111\u00e2y \u0111\u1ec3 \u0111\u01b0\u1ee3c t\u01b0 v\u1ea5n<\/p>\t\t\t\t\t\t\t\t<\/div>\n\t\t\t\t<\/div>\n\t\t\t\t<section class=\"elementor-section elementor-inner-section elementor-element elementor-element-0797e2d elementor-section-boxed elementor-section-height-default elementor-section-height-default magic-button-disabled-no\" data-id=\"0797e2d\" data-element_type=\"section\" data-e-type=\"section\">\n\t\t\t\t\t\t<div class=\"elementor-container elementor-column-gap-default\">\n\t\t\t\t\t<div class=\"elementor-column elementor-col-100 elementor-inner-column elementor-element elementor-element-7e115b4 ot-flex-column-vertical\" data-id=\"7e115b4\" data-element_type=\"column\" data-e-type=\"column\">\n\t\t\t<div class=\"elementor-widget-wrap elementor-element-populated\">\n\t\t\t\t\t\t<div class=\"elementor-element elementor-element-ad0d8da elementor-widget elementor-widget-button\" data-id=\"ad0d8da\" data-element_type=\"widget\" data-e-type=\"widget\" data-widget_type=\"button.default\">\n\t\t\t\t<div class=\"elementor-widget-container\">\n\t\t\t\t\t\t\t\t\t<div class=\"elementor-button-wrapper\">\n\t\t\t\t\t<a class=\"elementor-button elementor-button-link elementor-size-md\" href=\"https:\/\/translationifk.com\/lien-he\/\">\n\t\t\t\t\t\t<span class=\"elementor-button-content-wrapper\">\n\t\t\t\t\t\t<span class=\"elementor-button-icon\">\n\t\t\t\t<i aria-hidden=\"true\" class=\"fas fa-long-arrow-alt-right\"><\/i>\t\t\t<\/span>\n\t\t\t\t\t\t\t\t\t<span class=\"elementor-button-text\">Li\u00ean H\u1ec7 T\u01b0 V\u1ea5n<\/span>\n\t\t\t\t\t<\/span>\n\t\t\t\t\t<\/a>\n\t\t\t\t<\/div>\n\t\t\t\t\t\t\t\t<\/div>\n\t\t\t\t<\/div>\n\t\t\t\t\t<\/div>\n\t\t<\/div>\n\t\t\t\t\t<\/div>\n\t\t<\/section>\n\t\t\t\t\t<\/div>\n\t\t<\/div>\n\t\t\t\t<div class=\"elementor-column elementor-col-50 elementor-top-column elementor-element elementor-element-7eaa435 ot-flex-column-vertical\" data-id=\"7eaa435\" data-element_type=\"column\" data-e-type=\"column\" data-settings=\"{&quot;background_background&quot;:&quot;classic&quot;}\">\n\t\t\t<div class=\"elementor-widget-wrap elementor-element-populated\">\n\t\t\t\t\t\t<div class=\"elementor-element elementor-element-c70fd42 elementor-widget elementor-widget-image\" data-id=\"c70fd42\" data-element_type=\"widget\" data-e-type=\"widget\" data-widget_type=\"image.default\">\n\t\t\t\t<div class=\"elementor-widget-container\">\n\t\t\t\t\t\t\t\t\t\t\t\t\t\t\t\t<a href=\"#\">\n\t\t\t\t\t\t\t<img decoding=\"async\" width=\"1000\" height=\"650\" src=\"https:\/\/translationifk.com\/wp-content\/uploads\/2021\/06\/Lien-He-Cong-Ty-Dich-Thuat-Bao-Mat.png\" class=\"attachment-full size-full wp-image-190442\" alt=\"Lien He Cong Ty Dich Thuat Bao Mat\" srcset=\"https:\/\/translationifk.com\/wp-content\/uploads\/2021\/06\/Lien-He-Cong-Ty-Dich-Thuat-Bao-Mat.png 1000w, https:\/\/translationifk.com\/wp-content\/uploads\/2021\/06\/Lien-He-Cong-Ty-Dich-Thuat-Bao-Mat-300x195.png 300w, https:\/\/translationifk.com\/wp-content\/uploads\/2021\/06\/Lien-He-Cong-Ty-Dich-Thuat-Bao-Mat-800x520.png 800w, https:\/\/translationifk.com\/wp-content\/uploads\/2021\/06\/Lien-He-Cong-Ty-Dich-Thuat-Bao-Mat-768x499.png 768w\" sizes=\"(max-width: 1000px) 100vw, 1000px\" \/>\t\t\t\t\t\t\t\t<\/a>\n\t\t\t\t\t\t\t\t\t\t\t\t\t\t\t<\/div>\n\t\t\t\t<\/div>\n\t\t\t\t\t<\/div>\n\t\t<\/div>\n\t\t\t\t\t<\/div>\n\t\t<\/section>\n\t\t\t\t<\/div>\n\t\t","protected":false},"excerpt":{"rendered":"<p>C\u00f4ng Ty Gi\u00e1o D\u1ee5c V\u00e0 D\u1ecbch Thu\u1eadt IFK Y\u00eau C\u1ea7u B\u00e1o Gi\u00e1 D\u1ecbch Thu\u1eadt IFK chuy\u00ean cung c\u1ea5p d\u1ecbch v\u1ee5 bi\u00ean phi\u00ean d\u1ecbch sang ng\u00f4n ng\u1eef ti\u1ebfng Nh\u1eadt &#8211; ti\u1ebfng Anh &#8211; ti\u1ebfng Vi\u1ec7t, qu\u00fd kh\u00e1ch c\u00f3 th\u1ec3 ho\u00e0n thi\u1ec7n form li\u00ean h\u1ec7 b\u00e1o gi\u00e1 b\u00ean d\u01b0\u1edbi \u0111\u1ec3 \u0111\u1ed9i ng\u0169 t\u01b0 v\u1ea5n vi\u00ean IFK li\u00ean [&hellip;]<\/p>\n","protected":false},"author":131,"featured_media":195272,"parent":0,"menu_order":0,"comment_status":"closed","ping_status":"closed","template":"","meta":{"_seopress_robots_primary_cat":"","footnotes":""},"class_list":["post-3863","page","type-page","status-publish","has-post-thumbnail"],"_links":{"self":[{"href":"https:\/\/translationifk.com\/en\/wp-json\/wp\/v2\/pages\/3863","targetHints":{"allow":["GET"]}}],"collection":[{"href":"https:\/\/translationifk.com\/en\/wp-json\/wp\/v2\/pages"}],"about":[{"href":"https:\/\/translationifk.com\/en\/wp-json\/wp\/v2\/types\/page"}],"author":[{"embeddable":true,"href":"https:\/\/translationifk.com\/en\/wp-json\/wp\/v2\/users\/131"}],"replies":[{"embeddable":true,"href":"https:\/\/translationifk.com\/en\/wp-json\/wp\/v2\/comments?post=3863"}],"version-history":[{"count":0,"href":"https:\/\/translationifk.com\/en\/wp-json\/wp\/v2\/pages\/3863\/revisions"}],"wp:featuredmedia":[{"embeddable":true,"href":"https:\/\/translationifk.com\/en\/wp-json\/wp\/v2\/media\/195272"}],"wp:attachment":[{"href":"https:\/\/translationifk.com\/en\/wp-json\/wp\/v2\/media?parent=3863"}],"curies":[{"name":"wp","href":"https:\/\/api.w.org\/{rel}","templated":true}]}}