{"id":5638,"date":"2020-03-29T03:07:30","date_gmt":"2020-03-28T20:07:30","guid":{"rendered":"https:\/\/translationifk.com\/?page_id=5638"},"modified":"2020-06-28T16:25:27","modified_gmt":"2020-06-28T09:25:27","slug":"hieu-dinh-ban-dich","status":"publish","type":"page","link":"https:\/\/translationifk.com\/en\/hieu-dinh-ban-dich\/","title":{"rendered":"Hi\u1ec7u \u0111\u00ednh b\u1ea3n d\u1ecbch"},"content":{"rendered":"\t\t<div data-elementor-type=\"wp-page\" data-elementor-id=\"5638\" class=\"elementor elementor-5638\" data-elementor-settings=\"{&quot;element_pack_global_tooltip_width&quot;:{&quot;unit&quot;:&quot;px&quot;,&quot;size&quot;:&quot;&quot;,&quot;sizes&quot;:[]},&quot;element_pack_global_tooltip_width_tablet&quot;:{&quot;unit&quot;:&quot;px&quot;,&quot;size&quot;:&quot;&quot;,&quot;sizes&quot;:[]},&quot;element_pack_global_tooltip_width_mobile&quot;:{&quot;unit&quot;:&quot;px&quot;,&quot;size&quot;:&quot;&quot;,&quot;sizes&quot;:[]},&quot;element_pack_global_tooltip_padding&quot;:{&quot;unit&quot;:&quot;px&quot;,&quot;top&quot;:&quot;&quot;,&quot;right&quot;:&quot;&quot;,&quot;bottom&quot;:&quot;&quot;,&quot;left&quot;:&quot;&quot;,&quot;isLinked&quot;:true},&quot;element_pack_global_tooltip_padding_tablet&quot;:{&quot;unit&quot;:&quot;px&quot;,&quot;top&quot;:&quot;&quot;,&quot;right&quot;:&quot;&quot;,&quot;bottom&quot;:&quot;&quot;,&quot;left&quot;:&quot;&quot;,&quot;isLinked&quot;:true},&quot;element_pack_global_tooltip_padding_mobile&quot;:{&quot;unit&quot;:&quot;px&quot;,&quot;top&quot;:&quot;&quot;,&quot;right&quot;:&quot;&quot;,&quot;bottom&quot;:&quot;&quot;,&quot;left&quot;:&quot;&quot;,&quot;isLinked&quot;:true},&quot;element_pack_global_tooltip_border_radius&quot;:{&quot;unit&quot;:&quot;px&quot;,&quot;top&quot;:&quot;&quot;,&quot;right&quot;:&quot;&quot;,&quot;bottom&quot;:&quot;&quot;,&quot;left&quot;:&quot;&quot;,&quot;isLinked&quot;:true},&quot;element_pack_global_tooltip_border_radius_tablet&quot;:{&quot;unit&quot;:&quot;px&quot;,&quot;top&quot;:&quot;&quot;,&quot;right&quot;:&quot;&quot;,&quot;bottom&quot;:&quot;&quot;,&quot;left&quot;:&quot;&quot;,&quot;isLinked&quot;:true},&quot;element_pack_global_tooltip_border_radius_mobile&quot;:{&quot;unit&quot;:&quot;px&quot;,&quot;top&quot;:&quot;&quot;,&quot;right&quot;:&quot;&quot;,&quot;bottom&quot;:&quot;&quot;,&quot;left&quot;:&quot;&quot;,&quot;isLinked&quot;:true}}\" data-elementor-post-type=\"page\">\n\t\t\t\t\t\t<section class=\"elementor-section elementor-top-section elementor-element elementor-element-48fde18 elementor-section-boxed elementor-section-height-default elementor-section-height-default magic-button-disabled-no\" data-id=\"48fde18\" data-element_type=\"section\" data-e-type=\"section\">\n\t\t\t\t\t\t<div class=\"elementor-container elementor-column-gap-default\">\n\t\t\t\t\t<div class=\"elementor-column elementor-col-100 elementor-top-column elementor-element elementor-element-2083beb ot-flex-column-vertical\" data-id=\"2083beb\" data-element_type=\"column\" data-e-type=\"column\">\n\t\t\t<div class=\"elementor-widget-wrap elementor-element-populated\">\n\t\t\t\t\t\t<div class=\"elementor-element elementor-element-6f69200 elementor-widget elementor-widget-iheading\" data-id=\"6f69200\" data-element_type=\"widget\" data-e-type=\"widget\" data-widget_type=\"iheading.default\">\n\t\t\t\t<div class=\"elementor-widget-container\">\n\t\t\t\t\t\t\t<div class=\"ot-heading center-align\">\r\n\t\t\t\r\n\t\t\t\t\r\n\r\n\t        \t            <h6 class=\"sub-heading\"><span>T\u1ea5t c\u1ea3 d\u00e0nh cho b\u1ea1n<\/span><\/h6>\r\n\t         \r\n\r\n\t        \t        \t<h2 class=\"main-heading\">D\u1ecbch v\u1ee5 hi\u1ec7u \u0111\u00ednh b\u1ea3n d\u1ecbch<\/h2>\r\n\t        \t    <\/div>\r\n\t    \t\t\t\t<\/div>\n\t\t\t\t<\/div>\n\t\t\t\t\t<\/div>\n\t\t<\/div>\n\t\t\t\t\t<\/div>\n\t\t<\/section>\n\t\t\t\t<section class=\"elementor-section elementor-top-section elementor-element elementor-element-2ead816 elementor-section-boxed elementor-section-height-default elementor-section-height-default magic-button-disabled-no\" data-id=\"2ead816\" data-element_type=\"section\" data-e-type=\"section\">\n\t\t\t\t\t\t<div class=\"elementor-container elementor-column-gap-default\">\n\t\t\t\t\t<div class=\"elementor-column elementor-col-50 elementor-top-column elementor-element elementor-element-6619417 ot-flex-column-vertical\" data-id=\"6619417\" data-element_type=\"column\" data-e-type=\"column\">\n\t\t\t<div class=\"elementor-widget-wrap elementor-element-populated\">\n\t\t\t\t\t\t<div class=\"elementor-element elementor-element-82ee599 elementor-widget elementor-widget-iheading\" data-id=\"82ee599\" data-element_type=\"widget\" data-e-type=\"widget\" data-widget_type=\"iheading.default\">\n\t\t\t\t<div class=\"elementor-widget-container\">\n\t\t\t\t\t\t\t<div class=\"ot-heading left-align\">\r\n\t\t\t\r\n\t\t\t\t\r\n\r\n\t        \t            <h6 class=\"sub-heading\"><span>C\u00f4ng Ty Gi\u00e1o D\u1ee5c v\u00e0 D\u1ecbch Thu\u1eadt IFK<\/span><\/h6>\r\n\t         \r\n\r\n\t        \t        \t<h2 class=\"main-heading\">D\u1ecbch v\u1ee5 hi\u1ec7u \u0111\u00ednh b\u1ea3n d\u1ecbch<\/h2>\r\n\t        \t    <\/div>\r\n\t    \t\t\t\t<\/div>\n\t\t\t\t<\/div>\n\t\t\t\t<section class=\"elementor-section elementor-inner-section elementor-element elementor-element-026c85c elementor-section-boxed elementor-section-height-default elementor-section-height-default magic-button-disabled-no\" data-id=\"026c85c\" data-element_type=\"section\" data-e-type=\"section\">\n\t\t\t\t\t\t<div class=\"elementor-container elementor-column-gap-default\">\n\t\t\t\t\t<div class=\"elementor-column elementor-col-100 elementor-inner-column elementor-element elementor-element-83a6580 ot-flex-column-vertical\" data-id=\"83a6580\" data-element_type=\"column\" data-e-type=\"column\">\n\t\t\t<div class=\"elementor-widget-wrap elementor-element-populated\">\n\t\t\t\t\t\t<div class=\"elementor-element elementor-element-e918fed elementor-widget elementor-widget-text-editor\" data-id=\"e918fed\" data-element_type=\"widget\" data-e-type=\"widget\" data-widget_type=\"text-editor.default\">\n\t\t\t\t<div class=\"elementor-widget-container\">\n\t\t\t\t\t\t\t\t\t<p><strong>Hi\u1ec7u \u0111\u00ednh b\u1ea3n d\u1ecbch<\/strong> l\u00e0 m\u1ed9t b\u01b0\u1edbc quan tr\u1ecdng n\u1eb1m trong quy tr\u00ecnh d\u1ecbch thu\u1eadt nh\u1eb1m ho\u00e0n thi\u1ec7n b\u1ea3n d\u1ecbch m\u1ed9t c\u00e1ch ch\u00ednh x\u00e1c v\u00e0 ho\u00e0n h\u1ea3o nh\u1ea5t.<br \/>V\u1edbi \u0111\u1ed9i ng\u0169 th\u00f4ng d\u1ecbch vi\u00ean chuy\u00ean nghi\u1ec7p<strong><a href=\"https:\/\/translationifk.com\/ve-ifk\/\"> d\u1ecbch thu\u1eadt IFK<\/a>\u00a0<\/strong>cung c\u1ea5p d\u1ecbch v\u1ee5 hi\u1ec7u \u0111\u00ednh b\u1ea3n <a href=\"https:\/\/translationifk.com\/dich-thuat-uy-tin-chat-luong-1\/\">d\u1ecbch ti\u1ebfng Nh\u1eadt,<\/a> <a href=\"https:\/\/translationifk.com\/dich-thuat-uy-tin-chat-luong-1\/\">ti\u1ebfng Anh<\/a>, ti\u1ebfng trung, ti\u1ebfng Vi\u1ec7t, v\u00e0 c\u00e1c ng\u00f4n ng\u1eef kh\u00e1c.<br \/>Ngo\u00e0i ra ch\u00fang t\u00f4i c\u00f2n hi\u1ec7u \u0111\u00ednh h\u1ed3 s\u01a1 du h\u1ecdc, \u0111\u1eb7c bi\u1ec7t <a href=\"https:\/\/translationifk.com\/dich-ho-so-du-hoc\/\">h\u1ed3 s\u01a1 <\/a><a href=\"https:\/\/translationifk.com\/du-hoc-nhat-ban\/\">du h\u1ecdc Nh\u1eadt B\u1ea3n<\/a><\/p><ul><li>Chi ph\u00ed \u0111\u1ec3 hi\u1ec7u \u0111\u00ednh b\u1ea3n d\u1ecbch b\u1eb1ng\u00a0<strong>50%<\/strong>\u00a0ti\u1ec1n d\u1ecbch b\u1ea3n m\u1edbi. N\u1ebfu t\u00e0i li\u1ec7u hi\u1ec7u \u0111\u00ednh sai tr\u00ean\u00a0<strong>10%<\/strong> th\u00ec b\u1ea3n hi\u1ec7u \u0111\u00ednh \u0111\u00f3 \u0111\u01b0\u1ee3c t\u00ednh b\u1eb1ng ti\u1ec1n d\u1ecbch.<br \/>\u0110\u1ec3 bi\u1ebft th\u00eam chi ti\u1ebft v\u1ec1 gi\u00e1 d\u1ecbch thu\u1eadt vui l\u00f2ng<strong><em><a href=\"https:\/\/translationifk.com\/yeu-cau-bao-gia\/\"> li\u00ean h\u1ec7 b\u00e1o gi\u00e1 .<\/a><\/em><\/strong><\/li><\/ul>\t\t\t\t\t\t\t\t<\/div>\n\t\t\t\t<\/div>\n\t\t\t\t\t<\/div>\n\t\t<\/div>\n\t\t\t\t\t<\/div>\n\t\t<\/section>\n\t\t\t\t\t<\/div>\n\t\t<\/div>\n\t\t\t\t<div class=\"elementor-column elementor-col-50 elementor-top-column elementor-element elementor-element-e231471 ot-flex-column-vertical\" data-id=\"e231471\" data-element_type=\"column\" data-e-type=\"column\">\n\t\t\t<div class=\"elementor-widget-wrap elementor-element-populated\">\n\t\t\t\t\t\t<div class=\"elementor-element elementor-element-6f2db8c elementor-widget elementor-widget-image\" data-id=\"6f2db8c\" data-element_type=\"widget\" data-e-type=\"widget\" data-widget_type=\"image.default\">\n\t\t\t\t<div class=\"elementor-widget-container\">\n\t\t\t\t\t\t\t\t\t\t\t\t\t\t\t<img fetchpriority=\"high\" decoding=\"async\" width=\"750\" height=\"422\" src=\"https:\/\/translationifk.com\/wp-content\/uploads\/2019\/11\/congchung-translation.png\" class=\"attachment-large size-large wp-image-4234\" alt=\"cong ty dich thuat ifk - dich thuat uy tin\" srcset=\"https:\/\/translationifk.com\/wp-content\/uploads\/2019\/11\/congchung-translation.png 750w, https:\/\/translationifk.com\/wp-content\/uploads\/2019\/11\/congchung-translation-300x169.png 300w, https:\/\/translationifk.com\/wp-content\/uploads\/2019\/11\/congchung-translation-600x338.png 600w\" sizes=\"(max-width: 750px) 100vw, 750px\" \/>\t\t\t\t\t\t\t\t\t\t\t\t\t\t\t<\/div>\n\t\t\t\t<\/div>\n\t\t\t\t<div class=\"elementor-element elementor-element-345f0d7 elementor-widget elementor-widget-ibutton\" data-id=\"345f0d7\" data-element_type=\"widget\" data-e-type=\"widget\" data-widget_type=\"ibutton.default\">\n\t\t\t\t<div class=\"elementor-widget-container\">\n\t\t\t\t\t\t\t<div class=\"ot-button\">\r\n\t\t\t<a href=\"https:\/\/translationifk.com\/lien-he\/\" class=\"octf-btn octf-btn-primary octf-btn-icon\"><span>Li\u00ean h\u1ec7 b\u00e1o gi\u00e1 <i class=\"flaticon-right-arrow-1\"><\/i><\/span> \r\n\t\t\t\t\t\t\t<\/a>\r\n\t    <\/div>\r\n\t    \t\t\t\t<\/div>\n\t\t\t\t<\/div>\n\t\t\t\t\t<\/div>\n\t\t<\/div>\n\t\t\t\t\t<\/div>\n\t\t<\/section>\n\t\t\t\t<section class=\"elementor-section elementor-top-section elementor-element elementor-element-e29bfba elementor-section-boxed elementor-section-height-default elementor-section-height-default magic-button-disabled-no\" data-id=\"e29bfba\" data-element_type=\"section\" data-e-type=\"section\">\n\t\t\t\t\t\t<div class=\"elementor-container elementor-column-gap-default\">\n\t\t\t\t\t<div class=\"elementor-column elementor-col-100 elementor-top-column elementor-element elementor-element-8a08dd0 ot-flex-column-vertical\" data-id=\"8a08dd0\" data-element_type=\"column\" data-e-type=\"column\">\n\t\t\t<div class=\"elementor-widget-wrap elementor-element-populated\">\n\t\t\t\t\t\t<div class=\"elementor-element elementor-element-bde8b3b elementor-widget elementor-widget-iheading\" data-id=\"bde8b3b\" data-element_type=\"widget\" data-e-type=\"widget\" data-widget_type=\"iheading.default\">\n\t\t\t\t<div class=\"elementor-widget-container\">\n\t\t\t\t\t\t\t<div class=\"ot-heading center-align\">\r\n\t\t\t\r\n\t\t\t\t\r\n\r\n\t        \t            <h6 class=\"sub-heading\"><span>C\u00f4ng Ty Gi\u00e1o D\u1ee5c v\u00e0 D\u1ecbch Thu\u1eadt IFK<\/span><\/h6>\r\n\t         \r\n\r\n\t        \t        \t<h2 class=\"main-heading\">Hi\u1ec7u \u0111\u00ednh b\u1ea3n d\u1ecbch l\u00e0 g\u00ec?<\/h2>\r\n\t        \t    <\/div>\r\n\t    \t\t\t\t<\/div>\n\t\t\t\t<\/div>\n\t\t\t\t<div class=\"elementor-element elementor-element-d57ff10 elementor-widget elementor-widget-text-editor\" data-id=\"d57ff10\" data-element_type=\"widget\" data-e-type=\"widget\" data-widget_type=\"text-editor.default\">\n\t\t\t\t<div class=\"elementor-widget-container\">\n\t\t\t\t\t\t\t\t\t<p>Hi\u1ec7u \u0111\u00ednh hay hi\u1ec7u ch\u1ec9nh b\u1ea3n d\u1ecbch l\u00e0 vi\u1ec7c \u0111\u1ed1i chi\u1ebfu b\u1ea3n d\u1ecbch v\u00e0 b\u1ea3n g\u1ed1c \u0111\u1ec3 so s\u00e1nh, r\u00e0 so\u00e1t l\u1ed7i v\u00e0 ch\u1ec9nh s\u1eeda l\u1ea1i n\u1ed9i dung b\u1ea3n d\u1ecbch cho ch\u00ednh x\u00e1c v\u00e0 trau chu\u1ed1t h\u01a1n v\u1ec1 t\u1eeb ng\u1eef, ng\u1eef ph\u00e1p, ng\u1eef ngh\u0129a, v\u0103n phong (n\u1ebfu c\u00f3 l\u1ed7i sai). Hi\u1ec7u \u0111\u00ednh r\u1ea5t quan tr\u1ecdng, \u0111\u01b0\u1ee3c th\u1ef1c hi\u1ec7n ngay khi bi\u00ean d\u1ecbch vi\u00ean d\u1ecbch thu\u1eadt so\u00e1t l\u1ed7i v\u00e0 ch\u1ec9nh s\u1eeda xong.<\/p><p>C\u00e1c th\u00f4ng tin c\u1ea7n \u0111\u01b0\u1ee3c ch\u00fa \u00fd hi\u1ec7u \u0111\u00ednh bao g\u1ed3m: Thu\u1eadt ng\u1eef chuy\u00ean ng\u00e0nh, t\u00ean ri\u00eang, \u0111\u1ecba danh, ni\u00ean \u0111\u1ea1i, c\u00e1c s\u1ed1 li\u1ec7u\u2026\u00a0<strong>Hi\u1ec7u \u0111\u00ednh d\u1ecbch thu\u1eadt<\/strong>\u00a0c\u1ea7n s\u1eeda l\u1ed7i li\u00ean quan \u0111\u1ebfn ch\u00ednh t\u1ea3, c\u00e2u t\u1eeb, ng\u1eef ph\u00e1p, c\u1ea5u tr\u00fac c\u00e2u l\u00e0m sao \u0111\u1ec3 \u0111\u1ea3m b\u1ea3o n\u1ed9i dung b\u1ea3n d\u1ecbch \u0111\u00fang so v\u1edbi b\u1ea3n g\u1ed1c.<\/p><p><em>Hi\u1ec7u \u0111\u00ednh b\u1ea3n d\u1ecbch<\/em>\u00a0c\u0169ng c\u00f3 nh\u1eefng nguy\u00ean t\u1eafc ri\u00eang \u0111\u00f2i h\u1ecfi ph\u1ea3i c\u00f3 bi\u00ean d\u1ecbch vi\u00ean gi\u1ecfi, gi\u00e0u kinh nghi\u1ec7m, c\u00f3 c\u00e1i nh\u00ecn bao qu\u00e1t t\u00e0i li\u1ec7u \u0111\u00e3 d\u1ecbch \u0111\u1ec3 th\u1ed1ng nh\u1ea5t thu\u1eadt ng\u1eef ph\u00f9 h\u1ee3p d\u00f9ng trong b\u1ea3n d\u1ecbch. \u0110\u1ed3ng th\u1eddi, ng\u01b0\u1eddi hi\u1ec7u \u0111\u00ednh lu\u00f4n ph\u1ea3i \u0111\u1ed1i chi\u1ebfu so s\u00e1nh gi\u1eefa t\u00e0i li\u1ec7u g\u1ed1c v\u00e0 b\u1ea3n d\u1ecbch \u0111\u1ea3m b\u1ea3o ho\u00e0n ch\u1ec9nh v\u1ec1 t\u1eeb ng\u1eef v\u00e0 v\u0103n c\u1ea3nh.<\/p><p>Hi\u1ec7u \u0111\u00ednh th\u00f4ng th\u01b0\u1eddng bao g\u1ed3m 2 h\u00ecnh th\u1ee9c l\u00e0: Hi\u1ec7u \u0111\u00ednh b\u1ea3n d\u1ecbch, chu\u1ea9n h\u00f3a n\u1ed9i dung do bi\u00ean d\u1ecbch vi\u00ean c\u1ee7a\u00a0<a title=\"v\u0103n ph\u00f2ng d\u1ecbch thu\u1eadt\" href=\"https:\/\/translationifk.com\/\">v\u0103n ph\u00f2ng d\u1ecbch thu\u1eadt<\/a>\u00a0th\u1ef1c hi\u1ec7n v\u00e0 hi\u1ec7u \u0111\u00ednh b\u1ea3n d\u1ecbch do bi\u00ean d\u1ecbch vi\u00ean l\u00e0 ng\u01b0\u1eddi b\u1ea3n x\u1ee9 th\u1ef1c hi\u1ec7n. \u01afu \u0111i\u1ec3m khi s\u1eed d\u1ee5ng b\u1ea3n d\u1ecbch do bi\u00ean d\u1ecbch vi\u00ean b\u1ea3n x\u1ee9 nh\u1eb1m chu\u1ea9n h\u00f3a v\u0103n phong, v\u0103n h\u00f3a c\u1ee7a n\u01b0\u1edbc b\u1ea3n x\u1ee9 v\u00e0 \u0111\u1ea1t chu\u1ea9n nh\u01b0 t\u00e0i li\u1ec7u \u0111\u01b0\u1ee3c vi\u1ebft b\u1edfi ng\u01b0\u1eddi b\u1ea3n x\u1ee9.<\/p>\t\t\t\t\t\t\t\t<\/div>\n\t\t\t\t<\/div>\n\t\t\t\t\t<\/div>\n\t\t<\/div>\n\t\t\t\t\t<\/div>\n\t\t<\/section>\n\t\t\t\t<section class=\"elementor-section elementor-top-section elementor-element elementor-element-8159a9f elementor-section-boxed elementor-section-height-default elementor-section-height-default magic-button-disabled-no\" data-id=\"8159a9f\" data-element_type=\"section\" data-e-type=\"section\">\n\t\t\t\t\t\t<div class=\"elementor-container elementor-column-gap-default\">\n\t\t\t\t\t<div class=\"elementor-column elementor-col-50 elementor-top-column elementor-element elementor-element-fdda7fa ot-flex-column-vertical\" data-id=\"fdda7fa\" data-element_type=\"column\" data-e-type=\"column\">\n\t\t\t<div class=\"elementor-widget-wrap elementor-element-populated\">\n\t\t\t\t\t\t<div class=\"elementor-element elementor-element-a8cbf1a elementor-widget elementor-widget-iheading\" data-id=\"a8cbf1a\" data-element_type=\"widget\" data-e-type=\"widget\" data-widget_type=\"iheading.default\">\n\t\t\t\t<div class=\"elementor-widget-container\">\n\t\t\t\t\t\t\t<div class=\"ot-heading left-align\">\r\n\t\t\t\r\n\t\t\t\t\r\n\r\n\t        \t            <h6 class=\"sub-heading\"><span>C\u00f4ng Ty Gi\u00e1o D\u1ee5c v\u00e0 D\u1ecbch Thu\u1eadt IFK<\/span><\/h6>\r\n\t         \r\n\r\n\t        \t        \t<h2 class=\"main-heading\">Hi\u1ec7u \u0111\u00ednh b\u1ea3n d\u1ecbch quy\u1ebft \u0111\u1ecbnh th\u00e0nh c\u00f4ng c\u1ee7a b\u1ea3n d\u1ecbch thu\u1eadt<\/h2>\r\n\t        \t    <\/div>\r\n\t    \t\t\t\t<\/div>\n\t\t\t\t<\/div>\n\t\t\t\t<section class=\"elementor-section elementor-inner-section elementor-element elementor-element-794b385 elementor-section-boxed elementor-section-height-default elementor-section-height-default magic-button-disabled-no\" data-id=\"794b385\" data-element_type=\"section\" data-e-type=\"section\">\n\t\t\t\t\t\t<div class=\"elementor-container elementor-column-gap-default\">\n\t\t\t\t\t<div class=\"elementor-column elementor-col-100 elementor-inner-column elementor-element elementor-element-bd1d08d ot-flex-column-vertical\" data-id=\"bd1d08d\" data-element_type=\"column\" data-e-type=\"column\">\n\t\t\t<div class=\"elementor-widget-wrap elementor-element-populated\">\n\t\t\t\t\t\t<div class=\"elementor-element elementor-element-3766e7e elementor-widget elementor-widget-text-editor\" data-id=\"3766e7e\" data-element_type=\"widget\" data-e-type=\"widget\" data-widget_type=\"text-editor.default\">\n\t\t\t\t<div class=\"elementor-widget-container\">\n\t\t\t\t\t\t\t\t\t<p>Kh\u00f4ng h\u1ec1 qu\u00e1 khi n\u00f3i r\u1eb1ng ch\u1ea5t l\u01b0\u1ee3ng hi\u1ec7u \u0111\u00ednh quy\u1ebft \u0111\u1ecbnh th\u00e0nh c\u00f4ng c\u1ee7a b\u1ea3n d\u1ecbch v\u00e0 l\u00e0 b\u01b0\u1edbc kh\u00f4ng th\u1ec3 thi\u1ebfu trong quy tr\u00ecnh d\u1ecbch thu\u1eadt. V\u00ec sao?<\/p><p>\u0110\u1ed1i v\u1edbi kh\u00e1ch h\u00e0ng mong mu\u1ed1n c\u00f3 m\u1ed9t b\u1ea3n d\u1ecbch ch\u1ea5t l\u01b0\u1ee3ng, ho\u00e0n h\u1ea3o, kh\u00f4ng c\u00f3 sai s\u00f3t l\u00e0 \u0111i\u1ec1u m\u00e0 ng\u00e0nh d\u1ecbch thu\u1eadt c\u1ea7n \u0111\u00e1p \u1ee9ng. M\u1ed9t b\u1ea3n d\u1ecbch t\u1ed1t, kh\u00f4ng c\u00f3 sai s\u00f3t gi\u00fap l\u00e0m h\u00e0i l\u00f2ng kh\u00e1ch h\u00e0ng, gi\u00fap kh\u00e1ch h\u00e0ng \u0111\u1ea1t \u0111\u01b0\u1ee3c m\u1ee5c \u0111\u00edch khi b\u1ecf ra\u00a0<a title=\"chi ph\u00ed d\u1ecbch thu\u1eadt\" href=\"https:\/\/translationifk.com\/yeu-cau-bao-gia\/\">chi ph\u00ed d\u1ecbch thu\u1eadt<\/a>. \u0110i\u1ec1u n\u00e0y t\u1ea1o d\u1ef1ng \u0111\u01b0\u1ee3c uy t\u00edn c\u1ee7a \u0111\u01a1n v\u1ecb d\u1ecbch thu\u1eadt trong l\u00f2ng kh\u00e1ch h\u00e0ng.<\/p><p>H\u01a1n n\u1eefa, c\u00e1c t\u00e0i li\u1ec7u d\u1ecbch thu\u1eadt khi x\u1ea3y ra sai s\u00f3t l\u00e0 l\u1edbn hay nh\u1ecf \u0111\u1ec1u \u1ea3nh h\u01b0\u1edfng \u00edt nhi\u1ec1u \u0111\u1ebfn n\u1ed9i dung b\u1ea3n d\u1ecbch. S\u1ef1 sai s\u00f3t v\u00e0 nh\u1ea7m l\u1eabn c\u00f3 th\u1ec3 g\u00e2y ra nh\u1eefng hi\u1ec3u l\u1ea7m tai h\u1ea1i, \u1ea3nh h\u01b0\u1edfng \u0111\u1ebfn m\u1ee5c \u0111\u00edch truy\u1ec1n t\u1ea3i v\u00e0 g\u00e2y ra h\u1eadu qu\u1ea3 r\u1ea5t l\u1edbn.<\/p><p><em>Hi\u1ec7u \u0111\u00ednh b\u1ea3n d\u1ecbch<\/em>\u00a0ch\u00ednh l\u00e0 gi\u1ea3i ph\u00e1p k\u1ecbp th\u1eddi \u0111i\u1ec1u ch\u1ec9nh l\u1ea1i nh\u1eefng sai s\u00f3t trong qu\u00e1 tr\u00ecnh d\u1ecbch thu\u1eadt (n\u1ebfu c\u00f3) gi\u00fap cho b\u1ea3n d\u1ecbch chuy\u00ean nghi\u1ec7p, ho\u00e0n ch\u1ec9nh. M\u1ed9t b\u1ea3n d\u1ecbch ho\u00e0n ch\u1ec9nh s\u1ebd c\u00f3 gi\u00e1 tr\u1ecb t\u1ed1t \u0111\u1ed1i v\u1edbi kh\u00e1ch h\u00e0ng v\u00e0 gia t\u0103ng uy t\u00edn c\u1ee7a \u0111\u01a1n v\u1ecb d\u1ecbch thu\u1eadt.<\/p><p>Do \u0111\u00f3, hi\u1ec7u \u0111\u00ednh l\u00e0 kh\u00e2u quan tr\u1ecdng trong t\u1ea5t c\u1ea3 c\u00e1c quy tr\u00ecnh d\u1ecbch thu\u1eadt, \u0111\u1ed1i v\u1edbi b\u1ea5t c\u1ee9 t\u00e0i li\u1ec7u thu\u1ed9c m\u1ecdi chuy\u00ean ng\u00e0nh. Mu\u1ed1n c\u00f3 m\u1ed9t b\u1ea3n d\u1ecbch th\u00e0nh c\u00f4ng c\u1ea7n l\u00e0m t\u1ed1t c\u00f4ng t\u00e1c hi\u1ec7u \u0111\u00ednh sau khi d\u1ecbch thu\u1eadt xong.<\/p>\t\t\t\t\t\t\t\t<\/div>\n\t\t\t\t<\/div>\n\t\t\t\t\t<\/div>\n\t\t<\/div>\n\t\t\t\t\t<\/div>\n\t\t<\/section>\n\t\t\t\t\t<\/div>\n\t\t<\/div>\n\t\t\t\t<div class=\"elementor-column elementor-col-50 elementor-top-column elementor-element elementor-element-5328a9b ot-flex-column-vertical\" data-id=\"5328a9b\" data-element_type=\"column\" data-e-type=\"column\">\n\t\t\t<div class=\"elementor-widget-wrap elementor-element-populated\">\n\t\t\t\t\t\t<div class=\"elementor-element elementor-element-45abc64 elementor-widget elementor-widget-image\" data-id=\"45abc64\" data-element_type=\"widget\" data-e-type=\"widget\" data-widget_type=\"image.default\">\n\t\t\t\t<div class=\"elementor-widget-container\">\n\t\t\t\t\t\t\t\t\t\t\t\t\t\t\t<img decoding=\"async\" width=\"800\" height=\"523\" src=\"https:\/\/translationifk.com\/wp-content\/uploads\/2020\/03\/lamviecnhatban_ifk-1-5-1024x670.png\" class=\"attachment-large size-large wp-image-5161\" alt=\"\" srcset=\"https:\/\/translationifk.com\/wp-content\/uploads\/2020\/03\/lamviecnhatban_ifk-1-5-1024x670.png 1024w, https:\/\/translationifk.com\/wp-content\/uploads\/2020\/03\/lamviecnhatban_ifk-1-5-300x196.png 300w, https:\/\/translationifk.com\/wp-content\/uploads\/2020\/03\/lamviecnhatban_ifk-1-5-768x502.png 768w, https:\/\/translationifk.com\/wp-content\/uploads\/2020\/03\/lamviecnhatban_ifk-1-5-1536x1005.png 1536w, https:\/\/translationifk.com\/wp-content\/uploads\/2020\/03\/lamviecnhatban_ifk-1-5-780x510.png 780w, https:\/\/translationifk.com\/wp-content\/uploads\/2020\/03\/lamviecnhatban_ifk-1-5.png 1900w\" sizes=\"(max-width: 800px) 100vw, 800px\" \/>\t\t\t\t\t\t\t\t\t\t\t\t\t\t\t<\/div>\n\t\t\t\t<\/div>\n\t\t\t\t<div class=\"elementor-element elementor-element-d85b0d9 elementor-widget elementor-widget-ibutton\" data-id=\"d85b0d9\" data-element_type=\"widget\" data-e-type=\"widget\" data-widget_type=\"ibutton.default\">\n\t\t\t\t<div class=\"elementor-widget-container\">\n\t\t\t\t\t\t\t<div class=\"ot-button\">\r\n\t\t\t<a href=\"https:\/\/translationifk.com\/lien-he\/\" class=\"octf-btn octf-btn-primary octf-btn-icon\"><span>Li\u00ean h\u1ec7 b\u00e1o gi\u00e1 <i class=\"flaticon-right-arrow-1\"><\/i><\/span> \r\n\t\t\t\t\t\t\t<\/a>\r\n\t    <\/div>\r\n\t    \t\t\t\t<\/div>\n\t\t\t\t<\/div>\n\t\t\t\t\t<\/div>\n\t\t<\/div>\n\t\t\t\t\t<\/div>\n\t\t<\/section>\n\t\t\t\t<\/div>\n\t\t","protected":false},"excerpt":{"rendered":"<p>T\u1ea5t c\u1ea3 d\u00e0nh cho b\u1ea1n D\u1ecbch v\u1ee5 hi\u1ec7u \u0111\u00ednh b\u1ea3n d\u1ecbch C\u00f4ng Ty Gi\u00e1o D\u1ee5c v\u00e0 D\u1ecbch Thu\u1eadt IFK D\u1ecbch v\u1ee5 hi\u1ec7u \u0111\u00ednh b\u1ea3n d\u1ecbch Hi\u1ec7u \u0111\u00ednh b\u1ea3n d\u1ecbch l\u00e0 m\u1ed9t b\u01b0\u1edbc quan tr\u1ecdng n\u1eb1m trong quy tr\u00ecnh d\u1ecbch thu\u1eadt nh\u1eb1m ho\u00e0n thi\u1ec7n b\u1ea3n d\u1ecbch m\u1ed9t c\u00e1ch ch\u00ednh x\u00e1c v\u00e0 ho\u00e0n h\u1ea3o nh\u1ea5t. V\u1edbi \u0111\u1ed9i [&hellip;]<\/p>\n","protected":false},"author":131,"featured_media":5161,"parent":0,"menu_order":0,"comment_status":"closed","ping_status":"closed","template":"elementor_header_footer","meta":{"_seopress_robots_primary_cat":"","footnotes":""},"class_list":["post-5638","page","type-page","status-publish","has-post-thumbnail"],"_links":{"self":[{"href":"https:\/\/translationifk.com\/en\/wp-json\/wp\/v2\/pages\/5638","targetHints":{"allow":["GET"]}}],"collection":[{"href":"https:\/\/translationifk.com\/en\/wp-json\/wp\/v2\/pages"}],"about":[{"href":"https:\/\/translationifk.com\/en\/wp-json\/wp\/v2\/types\/page"}],"author":[{"embeddable":true,"href":"https:\/\/translationifk.com\/en\/wp-json\/wp\/v2\/users\/131"}],"replies":[{"embeddable":true,"href":"https:\/\/translationifk.com\/en\/wp-json\/wp\/v2\/comments?post=5638"}],"version-history":[{"count":0,"href":"https:\/\/translationifk.com\/en\/wp-json\/wp\/v2\/pages\/5638\/revisions"}],"wp:featuredmedia":[{"embeddable":true,"href":"https:\/\/translationifk.com\/en\/wp-json\/wp\/v2\/media\/5161"}],"wp:attachment":[{"href":"https:\/\/translationifk.com\/en\/wp-json\/wp\/v2\/media?parent=5638"}],"curies":[{"name":"wp","href":"https:\/\/api.w.org\/{rel}","templated":true}]}}