{"id":181501,"date":"2020-04-30T11:29:57","date_gmt":"2020-04-30T04:29:57","guid":{"rendered":"https:\/\/translationifk.com\/hoc-tieng-nhat-jlpt-n5\/"},"modified":"2021-07-05T01:34:29","modified_gmt":"2021-07-04T18:34:29","slug":"jlpt-n5-gakushu","status":"publish","type":"page","link":"https:\/\/translationifk.com\/ja\/jlpt-n5-gakushu\/","title":{"rendered":"JLPTN5\u65e5\u672c\u8a9e\u30ec\u30c3\u30b9\u30f3\u306e\u7dcf\u5408"},"content":{"rendered":"\t\t<div data-elementor-type=\"wp-page\" data-elementor-id=\"181501\" class=\"elementor elementor-181501 elementor-8845\" data-elementor-settings=\"{&quot;element_pack_global_tooltip_width&quot;:{&quot;unit&quot;:&quot;px&quot;,&quot;size&quot;:&quot;&quot;,&quot;sizes&quot;:[]},&quot;element_pack_global_tooltip_width_tablet&quot;:{&quot;unit&quot;:&quot;px&quot;,&quot;size&quot;:&quot;&quot;,&quot;sizes&quot;:[]},&quot;element_pack_global_tooltip_width_mobile&quot;:{&quot;unit&quot;:&quot;px&quot;,&quot;size&quot;:&quot;&quot;,&quot;sizes&quot;:[]},&quot;element_pack_global_tooltip_padding&quot;:{&quot;unit&quot;:&quot;px&quot;,&quot;top&quot;:&quot;&quot;,&quot;right&quot;:&quot;&quot;,&quot;bottom&quot;:&quot;&quot;,&quot;left&quot;:&quot;&quot;,&quot;isLinked&quot;:true},&quot;element_pack_global_tooltip_padding_tablet&quot;:{&quot;unit&quot;:&quot;px&quot;,&quot;top&quot;:&quot;&quot;,&quot;right&quot;:&quot;&quot;,&quot;bottom&quot;:&quot;&quot;,&quot;left&quot;:&quot;&quot;,&quot;isLinked&quot;:true},&quot;element_pack_global_tooltip_padding_mobile&quot;:{&quot;unit&quot;:&quot;px&quot;,&quot;top&quot;:&quot;&quot;,&quot;right&quot;:&quot;&quot;,&quot;bottom&quot;:&quot;&quot;,&quot;left&quot;:&quot;&quot;,&quot;isLinked&quot;:true},&quot;element_pack_global_tooltip_border_radius&quot;:{&quot;unit&quot;:&quot;px&quot;,&quot;top&quot;:&quot;&quot;,&quot;right&quot;:&quot;&quot;,&quot;bottom&quot;:&quot;&quot;,&quot;left&quot;:&quot;&quot;,&quot;isLinked&quot;:true},&quot;element_pack_global_tooltip_border_radius_tablet&quot;:{&quot;unit&quot;:&quot;px&quot;,&quot;top&quot;:&quot;&quot;,&quot;right&quot;:&quot;&quot;,&quot;bottom&quot;:&quot;&quot;,&quot;left&quot;:&quot;&quot;,&quot;isLinked&quot;:true},&quot;element_pack_global_tooltip_border_radius_mobile&quot;:{&quot;unit&quot;:&quot;px&quot;,&quot;top&quot;:&quot;&quot;,&quot;right&quot;:&quot;&quot;,&quot;bottom&quot;:&quot;&quot;,&quot;left&quot;:&quot;&quot;,&quot;isLinked&quot;:true}}\" data-elementor-post-type=\"page\">\n\t\t\t\t\t\t<section class=\"elementor-section elementor-top-section elementor-element elementor-element-b3ea073 elementor-section-boxed elementor-section-height-default elementor-section-height-default magic-button-disabled-no\" data-id=\"b3ea073\" data-element_type=\"section\" data-e-type=\"section\" data-settings=\"{&quot;background_background&quot;:&quot;classic&quot;}\">\n\t\t\t\t\t\t<div class=\"elementor-container elementor-column-gap-default\">\n\t\t\t\t\t<div class=\"elementor-column elementor-col-100 elementor-top-column elementor-element elementor-element-73e2691 ot-flex-column-vertical\" data-id=\"73e2691\" data-element_type=\"column\" data-e-type=\"column\" data-settings=\"{&quot;background_background&quot;:&quot;classic&quot;}\">\n\t\t\t<div class=\"elementor-widget-wrap elementor-element-populated\">\n\t\t\t\t\t\t<section class=\"elementor-section elementor-inner-section elementor-element elementor-element-e6ded24 elementor-section-boxed elementor-section-height-default elementor-section-height-default magic-button-disabled-no\" data-id=\"e6ded24\" data-element_type=\"section\" data-e-type=\"section\">\n\t\t\t\t\t\t<div class=\"elementor-container elementor-column-gap-wide\">\n\t\t\t\t\t<div class=\"elementor-column elementor-col-100 elementor-inner-column elementor-element elementor-element-e086c4e ot-flex-column-vertical\" data-id=\"e086c4e\" data-element_type=\"column\" data-e-type=\"column\">\n\t\t\t<div class=\"elementor-widget-wrap elementor-element-populated\">\n\t\t\t\t\t\t<div class=\"elementor-element elementor-element-7feb88f elementor-widget elementor-widget-bdt-advanced-heading\" data-id=\"7feb88f\" data-element_type=\"widget\" data-e-type=\"widget\" data-widget_type=\"bdt-advanced-heading.default\">\n\t\t\t\t<div class=\"elementor-widget-container\">\n\t\t\t\t\t<div id =\"7feb88f\" class=\"bdt-ep-advanced-heading\" data-settings=\"{&quot;titleMultiColor&quot;:&quot;no&quot;}\">\t\t\t<div class=\"bdt-ep-advanced-heading-sub-title\">\n\t\t\t\t<div class=\"bdt-ep-advanced-heading-sub-title-content\">\n\t\t\t\t\t\t\t\t\t\t\u65e5\u672c\u8a9e\u77e5\u8b58\u306e\u7d71\u5408N5\t\t\t\t\t\t\t\t\t<\/div>\n\t\t\t\t<div class=\"line bdt-flex-align-left\"><\/div><div class=\"line bdt-flex-align-right\"><\/div>\t\t\t<\/div>\n\t\t\t<h2 class=\"bdt-ep-advanced-heading-title\"><span class=\"bdt-ep-advanced-heading-main-title\"><span class=\"bdt-ep-advanced-heading-main-title-inner\">\u65e5\u672c\u8a9en5\u7121\u6599\u5b66\u7fd2\u30d6\u30ed\u30b0<\/span><\/span><\/h2><\/div>\t\t\t\t<\/div>\n\t\t\t\t<\/div>\n\t\t\t\t<div class=\"elementor-element elementor-element-c95336a elementor-widget elementor-widget-text-editor\" data-id=\"c95336a\" data-element_type=\"widget\" data-e-type=\"widget\" data-widget_type=\"text-editor.default\">\n\t\t\t\t<div class=\"elementor-widget-container\">\n\t\t\t\t\t\t\t\t\t<p>\u3053\u308c\u306f\u3001IFK\u306e\u30b9\u30bf\u30c3\u30d5\u3068\u901a\u8a33\u304c\u3001\u5b66\u751f\u304c\u65e5\u672c\u8a9e\u3092\u5b66\u3076\u305f\u3081\u306e\u8a18\u4e8b\u3092\u4f5c\u6210\u3057\u3066\u5171\u6709\u3059\u308b\u30c1\u30e3\u30cd\u30eb\u3067\u3059\u3002<\/p>\t\t\t\t\t\t\t\t<\/div>\n\t\t\t\t<\/div>\n\t\t\t\t\t<\/div>\n\t\t<\/div>\n\t\t\t\t\t<\/div>\n\t\t<\/section>\n\t\t\t\t\t<\/div>\n\t\t<\/div>\n\t\t\t\t\t<\/div>\n\t\t<\/section>\n\t\t\t\t<section class=\"elementor-section elementor-top-section elementor-element elementor-element-86ff000 elementor-section-boxed elementor-section-height-default elementor-section-height-default magic-button-disabled-no\" data-id=\"86ff000\" data-element_type=\"section\" data-e-type=\"section\">\n\t\t\t\t\t\t<div class=\"elementor-container elementor-column-gap-wide\">\n\t\t\t\t\t<div class=\"elementor-column elementor-col-33 elementor-top-column elementor-element elementor-element-9637b8b ot-flex-column-vertical\" data-id=\"9637b8b\" data-element_type=\"column\" data-e-type=\"column\">\n\t\t\t<div class=\"elementor-widget-wrap elementor-element-populated\">\n\t\t\t\t\t\t<div class=\"elementor-element elementor-element-feeb11d bdt-icon-type-image elementor-position-top bdt-icon-effect-none elementor-widget elementor-widget-bdt-advanced-icon-box\" data-id=\"feeb11d\" data-element_type=\"widget\" data-e-type=\"widget\" data-widget_type=\"bdt-advanced-icon-box.default\">\n\t\t\t\t<div class=\"elementor-widget-container\">\n\t\t\t\t\t\t\t<div class=\"bdt-ep-advanced-icon-box\">\n\n\t\t\t\t\t\t\t\n\t\t\t\t\t<div class=\"bdt-ep-advanced-icon-box-icon\">\n\t\t\t\t<span class=\"bdt-ep-advanced-icon-box-icon-wrap\">\n\n\n\t\t\t\t\t<img decoding=\"async\" width=\"57\" height=\"57\" src=\"https:\/\/translationifk.com\/wp-content\/uploads\/2021\/02\/tu-vung-tieng-nhat.svg\" class=\"attachment-full size-full\" alt=\"H\u1ecdc T\u1eeb V\u1ef1ng N5\" srcset=\"https:\/\/translationifk.com\/wp-content\/uploads\/\/2021\/02\/tu-vung-tieng-nhat.svg 150w, https:\/\/translationifk.com\/wp-content\/uploads\/\/2021\/02\/tu-vung-tieng-nhat.svg 300w, https:\/\/translationifk.com\/wp-content\/uploads\/\/2021\/02\/tu-vung-tieng-nhat.svg 800w, https:\/\/translationifk.com\/wp-content\/uploads\/\/2021\/02\/tu-vung-tieng-nhat.svg 57.05w\" sizes=\"(max-width: 57px) 100vw, 57px\" \/>\t\t\t\t<\/span>\n\t\t\t<\/div>\n\t\t\n\t\t\t\t\n\t\t\t<div class=\"bdt-ep-advanced-icon-box-content\">\n\n\t\t\t\t\t\t\t\t\t\n\t\t\t\t\t<h3 class=\"bdt-ep-advanced-icon-box-title ep-title-\">\n\t\t\t\t<span >\n\t\t\t\t\tH\u1ecdc T\u1eeb V\u1ef1ng N5\t\t\t\t<\/span>\n\t\t\t<\/h3>\n\t\t\n\n\t\t\n\t\t\t\t\t\n\t\t\t\t\n\t\t\t\t\t\t\t\t\t<div class=\"bdt-ep-advanced-icon-box-description\">\n\t\t\t\t\t\t<p>T\u1ed5ng h\u1ee3p c\u00e1c b\u00e0i gi\u1ea3ng, t\u1eeb v\u1ef1ng \u0111\u1ec3 luy\u1ec7n thi JLPT N5<\/p>\t\t\t\t\t<\/div>\n\t\t\t\t\n\t\t\t\t\t\t\t\t\t<a class=\"bdt-ep-advanced-icon-box-readmore bdt-display-inline-block\" href=\"#\">\n\t\t\t\t\t\tXem Th\u00eam\n\t\t\t\t\t\t\t\t\t\t\t<\/a>\n\t\t\t\t\t\t\t<\/div>\n\t\t<\/div>\n\n\t\t\n\t\t\n\t\t\t\t<\/div>\n\t\t\t\t<\/div>\n\t\t\t\t\t<\/div>\n\t\t<\/div>\n\t\t\t\t<div class=\"elementor-column elementor-col-33 elementor-top-column elementor-element elementor-element-f02a693 ot-flex-column-vertical\" data-id=\"f02a693\" data-element_type=\"column\" data-e-type=\"column\">\n\t\t\t<div class=\"elementor-widget-wrap elementor-element-populated\">\n\t\t\t\t\t\t<div class=\"elementor-element elementor-element-f4e6cbf bdt-icon-type-image elementor-position-top bdt-icon-effect-none elementor-widget elementor-widget-bdt-advanced-icon-box\" data-id=\"f4e6cbf\" data-element_type=\"widget\" data-e-type=\"widget\" data-widget_type=\"bdt-advanced-icon-box.default\">\n\t\t\t\t<div class=\"elementor-widget-container\">\n\t\t\t\t\t\t\t<div class=\"bdt-ep-advanced-icon-box\">\n\n\t\t\t\t\t\t\t\n\t\t\t\t\t<div class=\"bdt-ep-advanced-icon-box-icon\">\n\t\t\t\t<span class=\"bdt-ep-advanced-icon-box-icon-wrap\">\n\n\n\t\t\t\t\t<img decoding=\"async\" width=\"58\" height=\"58\" src=\"https:\/\/translationifk.com\/wp-content\/uploads\/2021\/02\/ngu-phap-tieng-nhat.svg\" class=\"attachment-full size-full\" alt=\"H\u1ecdc Ng\u1eef Ph\u00e1p N5\" srcset=\"https:\/\/translationifk.com\/wp-content\/uploads\/\/2021\/02\/ngu-phap-tieng-nhat.svg 150w, https:\/\/translationifk.com\/wp-content\/uploads\/\/2021\/02\/ngu-phap-tieng-nhat.svg 300w, https:\/\/translationifk.com\/wp-content\/uploads\/\/2021\/02\/ngu-phap-tieng-nhat.svg 800w, https:\/\/translationifk.com\/wp-content\/uploads\/\/2021\/02\/ngu-phap-tieng-nhat.svg 57.88w\" sizes=\"(max-width: 58px) 100vw, 58px\" \/>\t\t\t\t<\/span>\n\t\t\t<\/div>\n\t\t\n\t\t\t\t\n\t\t\t<div class=\"bdt-ep-advanced-icon-box-content\">\n\n\t\t\t\t\t\t\t\t\t\n\t\t\t\t\t<h3 class=\"bdt-ep-advanced-icon-box-title ep-title-\">\n\t\t\t\t<span >\n\t\t\t\t\tH\u1ecdc Ng\u1eef Ph\u00e1p N5\t\t\t\t<\/span>\n\t\t\t<\/h3>\n\t\t\n\n\t\t\n\t\t\t\t\t\n\t\t\t\t\n\t\t\t\t\t\t\t\t\t<div class=\"bdt-ep-advanced-icon-box-description\">\n\t\t\t\t\t\t<p>T\u1ed5ng h\u1ee3p c\u00e1c b\u00e0i gi\u1ea3ng,ng\u1eef ph\u00e1p \u0111\u1ec3 luy\u1ec7n thi JLPT N5<\/p>\t\t\t\t\t<\/div>\n\t\t\t\t\n\t\t\t\t\t\t\t\t\t<a class=\"bdt-ep-advanced-icon-box-readmore bdt-display-inline-block\" href=\"https:\/\/translationifk.com\/tong-hop-ngu-phap-n5\/\">\n\t\t\t\t\t\tXem Th\u00eam\n\t\t\t\t\t\t\t\t\t\t\t<\/a>\n\t\t\t\t\t\t\t<\/div>\n\t\t<\/div>\n\n\t\t\n\t\t\n\t\t\t\t<\/div>\n\t\t\t\t<\/div>\n\t\t\t\t\t<\/div>\n\t\t<\/div>\n\t\t\t\t<div class=\"elementor-column elementor-col-33 elementor-top-column elementor-element elementor-element-0ccc5e1 ot-flex-column-vertical\" data-id=\"0ccc5e1\" data-element_type=\"column\" data-e-type=\"column\">\n\t\t\t<div class=\"elementor-widget-wrap elementor-element-populated\">\n\t\t\t\t\t\t<div class=\"elementor-element elementor-element-c4cc147 bdt-icon-type-image elementor-position-top bdt-icon-effect-none elementor-widget elementor-widget-bdt-advanced-icon-box\" data-id=\"c4cc147\" data-element_type=\"widget\" data-e-type=\"widget\" data-widget_type=\"bdt-advanced-icon-box.default\">\n\t\t\t\t<div class=\"elementor-widget-container\">\n\t\t\t\t\t\t\t<div class=\"bdt-ep-advanced-icon-box\">\n\n\t\t\t\t\t\t\t\n\t\t\t\t\t<div class=\"bdt-ep-advanced-icon-box-icon\">\n\t\t\t\t<span class=\"bdt-ep-advanced-icon-box-icon-wrap\">\n\n\n\t\t\t\t\t<img decoding=\"async\" width=\"46\" height=\"52\" src=\"https:\/\/translationifk.com\/wp-content\/uploads\/2021\/02\/doc-hieu-tieng-nhat.svg\" class=\"attachment-full size-full\" alt=\"Luy\u1ec7n \u0110\u1ecdc Hi\u1ec3u N5\" \/>\t\t\t\t<\/span>\n\t\t\t<\/div>\n\t\t\n\t\t\t\t\n\t\t\t<div class=\"bdt-ep-advanced-icon-box-content\">\n\n\t\t\t\t\t\t\t\t\t\n\t\t\t\t\t<h3 class=\"bdt-ep-advanced-icon-box-title ep-title-\">\n\t\t\t\t<span >\n\t\t\t\t\tLuy\u1ec7n \u0110\u1ecdc Hi\u1ec3u N5\t\t\t\t<\/span>\n\t\t\t<\/h3>\n\t\t\n\n\t\t\n\t\t\t\t\t\n\t\t\t\t\n\t\t\t\t\t\t\t\t\t<div class=\"bdt-ep-advanced-icon-box-description\">\n\t\t\t\t\t\t<p>T\u1ed5ng h\u1ee3p c\u00e1c b\u00e0i gi\u1ea3ng v\u00e0 c\u00e1c b\u00e0i \u0111\u1ec3 luy\u1ec7n \u0111\u1ecdc hi\u1ec3u JLPT N5<\/p>\t\t\t\t\t<\/div>\n\t\t\t\t\n\t\t\t\t\t\t\t\t\t<a class=\"bdt-ep-advanced-icon-box-readmore bdt-display-inline-block\" href=\"#\">\n\t\t\t\t\t\tXem Th\u00eam\n\t\t\t\t\t\t\t\t\t\t\t<\/a>\n\t\t\t\t\t\t\t<\/div>\n\t\t<\/div>\n\n\t\t\n\t\t\n\t\t\t\t<\/div>\n\t\t\t\t<\/div>\n\t\t\t\t\t<\/div>\n\t\t<\/div>\n\t\t\t\t\t<\/div>\n\t\t<\/section>\n\t\t\t\t<section class=\"elementor-section elementor-top-section elementor-element elementor-element-e87158a elementor-section-boxed elementor-section-height-default elementor-section-height-default magic-button-disabled-no\" data-id=\"e87158a\" data-element_type=\"section\" data-e-type=\"section\">\n\t\t\t\t\t\t<div class=\"elementor-container elementor-column-gap-wide\">\n\t\t\t\t\t<div class=\"elementor-column elementor-col-33 elementor-top-column elementor-element elementor-element-3c978a8 ot-flex-column-vertical\" data-id=\"3c978a8\" data-element_type=\"column\" data-e-type=\"column\">\n\t\t\t<div class=\"elementor-widget-wrap elementor-element-populated\">\n\t\t\t\t\t\t<div class=\"elementor-element elementor-element-873678a bdt-icon-type-image elementor-position-top bdt-icon-effect-none elementor-widget elementor-widget-bdt-advanced-icon-box\" data-id=\"873678a\" data-element_type=\"widget\" data-e-type=\"widget\" data-widget_type=\"bdt-advanced-icon-box.default\">\n\t\t\t\t<div class=\"elementor-widget-container\">\n\t\t\t\t\t\t\t<div class=\"bdt-ep-advanced-icon-box\">\n\n\t\t\t\t\t\t\t\n\t\t\t\t\t<div class=\"bdt-ep-advanced-icon-box-icon\">\n\t\t\t\t<span class=\"bdt-ep-advanced-icon-box-icon-wrap\">\n\n\n\t\t\t\t\t<img loading=\"lazy\" decoding=\"async\" width=\"63\" height=\"63\" src=\"https:\/\/translationifk.com\/wp-content\/uploads\/2021\/02\/dich-thuat-online-1.svg\" class=\"attachment-full size-full\" alt=\"H\u1ecdc Nghe JLPT N5\" srcset=\"https:\/\/translationifk.com\/wp-content\/uploads\/\/2021\/02\/dich-thuat-online-1.svg 150w, https:\/\/translationifk.com\/wp-content\/uploads\/\/2021\/02\/dich-thuat-online-1.svg 300w, https:\/\/translationifk.com\/wp-content\/uploads\/\/2021\/02\/dich-thuat-online-1.svg 800w, https:\/\/translationifk.com\/wp-content\/uploads\/\/2021\/02\/dich-thuat-online-1.svg 62.5w\" sizes=\"(max-width: 63px) 100vw, 63px\" \/>\t\t\t\t<\/span>\n\t\t\t<\/div>\n\t\t\n\t\t\t\t\n\t\t\t<div class=\"bdt-ep-advanced-icon-box-content\">\n\n\t\t\t\t\t\t\t\t\t\n\t\t\t\t\t<h3 class=\"bdt-ep-advanced-icon-box-title ep-title-\">\n\t\t\t\t<span >\n\t\t\t\t\tH\u1ecdc Nghe JLPT N5\t\t\t\t<\/span>\n\t\t\t<\/h3>\n\t\t\n\n\t\t\n\t\t\t\t\t\n\t\t\t\t\n\t\t\t\t\t\t\t\t\t<div class=\"bdt-ep-advanced-icon-box-description\">\n\t\t\t\t\t\t<p>T\u1ed5ng h\u1ee3p c\u00e1c b\u00e0i luy\u1ec7n nghe \u1edf tr\u00ecnh \u0111\u1ed9 JLPT N5<\/p>\t\t\t\t\t<\/div>\n\t\t\t\t\n\t\t\t\t\t\t\t\t\t<a class=\"bdt-ep-advanced-icon-box-readmore bdt-display-inline-block\" href=\"#\">\n\t\t\t\t\t\tXem Th\u00eam\n\t\t\t\t\t\t\t\t\t\t\t<\/a>\n\t\t\t\t\t\t\t<\/div>\n\t\t<\/div>\n\n\t\t\n\t\t\n\t\t\t\t<\/div>\n\t\t\t\t<\/div>\n\t\t\t\t\t<\/div>\n\t\t<\/div>\n\t\t\t\t<div class=\"elementor-column elementor-col-33 elementor-top-column elementor-element elementor-element-def28cc ot-flex-column-vertical\" data-id=\"def28cc\" data-element_type=\"column\" data-e-type=\"column\">\n\t\t\t<div class=\"elementor-widget-wrap elementor-element-populated\">\n\t\t\t\t\t\t<div class=\"elementor-element elementor-element-227544f bdt-icon-type-image elementor-position-top bdt-icon-effect-none elementor-widget elementor-widget-bdt-advanced-icon-box\" data-id=\"227544f\" data-element_type=\"widget\" data-e-type=\"widget\" data-widget_type=\"bdt-advanced-icon-box.default\">\n\t\t\t\t<div class=\"elementor-widget-container\">\n\t\t\t\t\t\t\t<div class=\"bdt-ep-advanced-icon-box\">\n\n\t\t\t\t\t\t\t\n\t\t\t\t\t<div class=\"bdt-ep-advanced-icon-box-icon\">\n\t\t\t\t<span class=\"bdt-ep-advanced-icon-box-icon-wrap\">\n\n\n\t\t\t\t\t<img loading=\"lazy\" decoding=\"async\" width=\"63\" height=\"63\" src=\"https:\/\/translationifk.com\/wp-content\/uploads\/2021\/02\/luyen-thi-tieng-nhat.svg\" class=\"attachment-full size-full\" alt=\"Luy\u1ec7n \u0110\u1ec1 JLPT N5\" srcset=\"https:\/\/translationifk.com\/wp-content\/uploads\/\/2021\/02\/luyen-thi-tieng-nhat.svg 150w, https:\/\/translationifk.com\/wp-content\/uploads\/\/2021\/02\/luyen-thi-tieng-nhat.svg 300w, https:\/\/translationifk.com\/wp-content\/uploads\/\/2021\/02\/luyen-thi-tieng-nhat.svg 800w, https:\/\/translationifk.com\/wp-content\/uploads\/\/2021\/02\/luyen-thi-tieng-nhat.svg 62.56w\" sizes=\"(max-width: 63px) 100vw, 63px\" \/>\t\t\t\t<\/span>\n\t\t\t<\/div>\n\t\t\n\t\t\t\t\n\t\t\t<div class=\"bdt-ep-advanced-icon-box-content\">\n\n\t\t\t\t\t\t\t\t\t\n\t\t\t\t\t<h3 class=\"bdt-ep-advanced-icon-box-title ep-title-\">\n\t\t\t\t<span >\n\t\t\t\t\tLuy\u1ec7n \u0110\u1ec1 JLPT N5\t\t\t\t<\/span>\n\t\t\t<\/h3>\n\t\t\n\n\t\t\n\t\t\t\t\t\n\t\t\t\t\n\t\t\t\t\t\t\t\t\t<div class=\"bdt-ep-advanced-icon-box-description\">\n\t\t\t\t\t\t<p>T\u1ed5ng h\u1ee3p c\u00e1c b\u00e0i gi\u1ea3ng v\u00e0 c\u00e1c \u0111\u1ec1 thi m\u1eabu JLPT N5<\/p>\t\t\t\t\t<\/div>\n\t\t\t\t\n\t\t\t\t\t\t\t\t\t<a class=\"bdt-ep-advanced-icon-box-readmore bdt-display-inline-block\" href=\"#\">\n\t\t\t\t\t\tXem Th\u00eam\n\t\t\t\t\t\t\t\t\t\t\t<\/a>\n\t\t\t\t\t\t\t<\/div>\n\t\t<\/div>\n\n\t\t\n\t\t\n\t\t\t\t<\/div>\n\t\t\t\t<\/div>\n\t\t\t\t\t<\/div>\n\t\t<\/div>\n\t\t\t\t<div class=\"elementor-column elementor-col-33 elementor-top-column elementor-element elementor-element-f53dbc1 ot-flex-column-vertical\" data-id=\"f53dbc1\" data-element_type=\"column\" data-e-type=\"column\">\n\t\t\t<div class=\"elementor-widget-wrap elementor-element-populated\">\n\t\t\t\t\t\t<div class=\"elementor-element elementor-element-1fe92d9 bdt-icon-type-image elementor-position-top bdt-icon-effect-none elementor-widget elementor-widget-bdt-advanced-icon-box\" data-id=\"1fe92d9\" data-element_type=\"widget\" data-e-type=\"widget\" data-widget_type=\"bdt-advanced-icon-box.default\">\n\t\t\t\t<div class=\"elementor-widget-container\">\n\t\t\t\t\t\t\t<div class=\"bdt-ep-advanced-icon-box\">\n\n\t\t\t\t\t\t\t\n\t\t\t\t\t<div class=\"bdt-ep-advanced-icon-box-icon\">\n\t\t\t\t<span class=\"bdt-ep-advanced-icon-box-icon-wrap\">\n\n\n\t\t\t\t\t<img loading=\"lazy\" decoding=\"async\" width=\"61\" height=\"61\" src=\"https:\/\/translationifk.com\/wp-content\/uploads\/2021\/02\/luyen-dich-tieng-nhat.svg\" class=\"attachment-full size-full\" alt=\"T\u1ed4NG H\u1ee2P T\u00c0I LI\u1ec6U N5\" srcset=\"https:\/\/translationifk.com\/wp-content\/uploads\/\/2021\/02\/luyen-dich-tieng-nhat.svg 150w, https:\/\/translationifk.com\/wp-content\/uploads\/\/2021\/02\/luyen-dich-tieng-nhat.svg 300w, https:\/\/translationifk.com\/wp-content\/uploads\/\/2021\/02\/luyen-dich-tieng-nhat.svg 800w, https:\/\/translationifk.com\/wp-content\/uploads\/\/2021\/02\/luyen-dich-tieng-nhat.svg 61.39w\" sizes=\"(max-width: 61px) 100vw, 61px\" \/>\t\t\t\t<\/span>\n\t\t\t<\/div>\n\t\t\n\t\t\t\t\n\t\t\t<div class=\"bdt-ep-advanced-icon-box-content\">\n\n\t\t\t\t\t\t\t\t\t\n\t\t\t\t\t<h3 class=\"bdt-ep-advanced-icon-box-title ep-title-\">\n\t\t\t\t<span >\n\t\t\t\t\tT\u1ed4NG H\u1ee2P T\u00c0I LI\u1ec6U N5\t\t\t\t<\/span>\n\t\t\t<\/h3>\n\t\t\n\n\t\t\n\t\t\t\t\t\n\t\t\t\t\n\t\t\t\t\t\t\t\t\t<div class=\"bdt-ep-advanced-icon-box-description\">\n\t\t\t\t\t\t<p>T\u1ed5ng h\u1ee3p c\u00e1c t\u00e0i li\u1ec7u h\u1ecdc ti\u1ebfng Nh\u1eadt N5 mi\u1ec5n ph\u00ed down<\/p>\t\t\t\t\t<\/div>\n\t\t\t\t\n\t\t\t\t\t\t\t\t\t<a class=\"bdt-ep-advanced-icon-box-readmore bdt-display-inline-block\" href=\"https:\/\/translationifk.com\/tong-hop-tai-lieu-tieng-nhat-n5-ifk\/\">\n\t\t\t\t\t\tXem Th\u00eam\n\t\t\t\t\t\t\t\t\t\t\t<\/a>\n\t\t\t\t\t\t\t<\/div>\n\t\t<\/div>\n\n\t\t\n\t\t\n\t\t\t\t<\/div>\n\t\t\t\t<\/div>\n\t\t\t\t\t<\/div>\n\t\t<\/div>\n\t\t\t\t\t<\/div>\n\t\t<\/section>\n\t\t\t\t<\/div>\n\t\t","protected":false},"excerpt":{"rendered":"<p>\u65e5\u672c\u8a9e\u77e5\u8b58\u306e\u7d71\u5408N5 \u65e5\u672c\u8a9en5\u7121\u6599\u5b66\u7fd2\u30d6\u30ed\u30b0 \u3053\u308c\u306f\u3001IFK\u306e\u30b9\u30bf\u30c3\u30d5\u3068\u901a\u8a33\u304c\u3001\u5b66\u751f\u304c\u65e5\u672c\u8a9e\u3092\u5b66\u3076\u305f\u3081\u306e\u8a18\u4e8b\u3092\u4f5c\u6210\u3057\u3066\u5171\u6709\u3059\u308b\u30c1\u30e3\u30cd\u30eb\u3067\u3059\u3002 H\u1ecdc T\u1eeb V\u1ef1ng N5 T\u1ed5ng h\u1ee3p c\u00e1c b\u00e0i gi\u1ea3ng, [&hellip;]<\/p>\n","protected":false},"author":131,"featured_media":87636,"parent":0,"menu_order":0,"comment_status":"closed","ping_status":"closed","template":"","meta":{"_seopress_robots_primary_cat":"","footnotes":""},"class_list":["post-181501","page","type-page","status-publish","has-post-thumbnail"],"_links":{"self":[{"href":"https:\/\/translationifk.com\/ja\/wp-json\/wp\/v2\/pages\/181501","targetHints":{"allow":["GET"]}}],"collection":[{"href":"https:\/\/translationifk.com\/ja\/wp-json\/wp\/v2\/pages"}],"about":[{"href":"https:\/\/translationifk.com\/ja\/wp-json\/wp\/v2\/types\/page"}],"author":[{"embeddable":true,"href":"https:\/\/translationifk.com\/ja\/wp-json\/wp\/v2\/users\/131"}],"replies":[{"embeddable":true,"href":"https:\/\/translationifk.com\/ja\/wp-json\/wp\/v2\/comments?post=181501"}],"version-history":[{"count":0,"href":"https:\/\/translationifk.com\/ja\/wp-json\/wp\/v2\/pages\/181501\/revisions"}],"wp:featuredmedia":[{"embeddable":true,"href":"https:\/\/translationifk.com\/ja\/wp-json\/wp\/v2\/media\/87636"}],"wp:attachment":[{"href":"https:\/\/translationifk.com\/ja\/wp-json\/wp\/v2\/media?parent=181501"}],"curies":[{"name":"wp","href":"https:\/\/api.w.org\/{rel}","templated":true}]}}