{"id":4620,"date":"2020-03-08T13:55:07","date_gmt":"2020-03-08T13:55:07","guid":{"rendered":"https:\/\/translationifk.com\/?page_id=4620"},"modified":"2021-08-19T21:56:29","modified_gmt":"2021-08-19T14:56:29","slug":"dang-ky-viec-lam-tai-nhat","status":"publish","type":"page","link":"https:\/\/translationifk.com\/ja\/dang-ky-viec-lam-tai-nhat\/","title":{"rendered":"\u0110\u0103ng k\u00fd d\u1ecbch v\u1ee5 gi\u1edbi thi\u1ec7u vi\u1ec7c l\u00e0m t\u1ea1i Nh\u1eadt B\u1ea3n"},"content":{"rendered":"\t\t<div data-elementor-type=\"wp-page\" data-elementor-id=\"4620\" class=\"elementor elementor-4620\" data-elementor-settings=\"{&quot;element_pack_global_tooltip_width&quot;:{&quot;unit&quot;:&quot;px&quot;,&quot;size&quot;:&quot;&quot;,&quot;sizes&quot;:[]},&quot;element_pack_global_tooltip_width_tablet&quot;:{&quot;unit&quot;:&quot;px&quot;,&quot;size&quot;:&quot;&quot;,&quot;sizes&quot;:[]},&quot;element_pack_global_tooltip_width_mobile&quot;:{&quot;unit&quot;:&quot;px&quot;,&quot;size&quot;:&quot;&quot;,&quot;sizes&quot;:[]},&quot;element_pack_global_tooltip_padding&quot;:{&quot;unit&quot;:&quot;px&quot;,&quot;top&quot;:&quot;&quot;,&quot;right&quot;:&quot;&quot;,&quot;bottom&quot;:&quot;&quot;,&quot;left&quot;:&quot;&quot;,&quot;isLinked&quot;:true},&quot;element_pack_global_tooltip_padding_tablet&quot;:{&quot;unit&quot;:&quot;px&quot;,&quot;top&quot;:&quot;&quot;,&quot;right&quot;:&quot;&quot;,&quot;bottom&quot;:&quot;&quot;,&quot;left&quot;:&quot;&quot;,&quot;isLinked&quot;:true},&quot;element_pack_global_tooltip_padding_mobile&quot;:{&quot;unit&quot;:&quot;px&quot;,&quot;top&quot;:&quot;&quot;,&quot;right&quot;:&quot;&quot;,&quot;bottom&quot;:&quot;&quot;,&quot;left&quot;:&quot;&quot;,&quot;isLinked&quot;:true},&quot;element_pack_global_tooltip_border_radius&quot;:{&quot;unit&quot;:&quot;px&quot;,&quot;top&quot;:&quot;&quot;,&quot;right&quot;:&quot;&quot;,&quot;bottom&quot;:&quot;&quot;,&quot;left&quot;:&quot;&quot;,&quot;isLinked&quot;:true},&quot;element_pack_global_tooltip_border_radius_tablet&quot;:{&quot;unit&quot;:&quot;px&quot;,&quot;top&quot;:&quot;&quot;,&quot;right&quot;:&quot;&quot;,&quot;bottom&quot;:&quot;&quot;,&quot;left&quot;:&quot;&quot;,&quot;isLinked&quot;:true},&quot;element_pack_global_tooltip_border_radius_mobile&quot;:{&quot;unit&quot;:&quot;px&quot;,&quot;top&quot;:&quot;&quot;,&quot;right&quot;:&quot;&quot;,&quot;bottom&quot;:&quot;&quot;,&quot;left&quot;:&quot;&quot;,&quot;isLinked&quot;:true}}\" data-elementor-post-type=\"page\">\n\t\t\t\t\t\t<section class=\"elementor-section elementor-top-section elementor-element elementor-element-4f78312 elementor-section-boxed elementor-section-height-default elementor-section-height-default magic-button-disabled-no\" data-id=\"4f78312\" data-element_type=\"section\" data-e-type=\"section\">\n\t\t\t\t\t\t<div class=\"elementor-container elementor-column-gap-default\">\n\t\t\t\t\t<div class=\"elementor-column elementor-col-100 elementor-top-column elementor-element elementor-element-080a4bd ot-flex-column-vertical\" data-id=\"080a4bd\" data-element_type=\"column\" data-e-type=\"column\">\n\t\t\t<div class=\"elementor-widget-wrap elementor-element-populated\">\n\t\t\t\t\t\t<div class=\"elementor-element elementor-element-8b246d9 elementor-widget elementor-widget-iheading\" data-id=\"8b246d9\" data-element_type=\"widget\" data-e-type=\"widget\" data-widget_type=\"iheading.default\">\n\t\t\t\t<div class=\"elementor-widget-container\">\n\t\t\t\t\t\t\t<div class=\"ot-heading center-align\">\r\n\t\t\t\r\n\t\t\t\t\r\n\r\n\t        \t            <h6 class=\"sub-heading\"><span>Ho\u00e0n th\u00e0nh m\u1eabu \u0111\u0103ng k\u00fd<\/span><\/h6>\r\n\t         \r\n\r\n\t        \t        \t<h1 class=\"main-heading\">L\u00e0m Vi\u1ec7c T\u1ea1i Nh\u1eadt B\u1ea3n<\/h1>\r\n\t        \t    <\/div>\r\n\t    \t\t\t\t<\/div>\n\t\t\t\t<\/div>\n\t\t\t\t\t<\/div>\n\t\t<\/div>\n\t\t\t\t\t<\/div>\n\t\t<\/section>\n\t\t\t\t<section class=\"elementor-section elementor-top-section elementor-element elementor-element-c9e3e83 elementor-section-boxed elementor-section-height-default elementor-section-height-default magic-button-disabled-no\" data-id=\"c9e3e83\" data-element_type=\"section\" data-e-type=\"section\">\n\t\t\t\t\t\t<div class=\"elementor-container elementor-column-gap-default\">\n\t\t\t\t\t<div class=\"elementor-column elementor-col-100 elementor-top-column elementor-element elementor-element-7b5fa65 ot-flex-column-vertical\" data-id=\"7b5fa65\" data-element_type=\"column\" data-e-type=\"column\">\n\t\t\t<div class=\"elementor-widget-wrap elementor-element-populated\">\n\t\t\t\t\t\t<div class=\"elementor-element elementor-element-3572f30 elementor-button-align-start elementor-widget elementor-widget-form\" data-id=\"3572f30\" data-element_type=\"widget\" data-e-type=\"widget\" data-settings=\"{&quot;step_next_label&quot;:&quot;Next&quot;,&quot;step_previous_label&quot;:&quot;Previous&quot;,&quot;button_width&quot;:&quot;100&quot;,&quot;step_type&quot;:&quot;number_text&quot;,&quot;step_icon_shape&quot;:&quot;circle&quot;}\" data-widget_type=\"form.default\">\n\t\t\t\t<div class=\"elementor-widget-container\">\n\t\t\t\t\t\t\t<form class=\"elementor-form\" method=\"post\" name=\"\u0110\u0103ng k\u00fd l\u00e0m vi\u1ec7c t\u1ea1i Nh\u1eadt\" aria-label=\"\u0110\u0103ng k\u00fd l\u00e0m vi\u1ec7c t\u1ea1i Nh\u1eadt\">\n\t\t\t<input type=\"hidden\" name=\"post_id\" value=\"4620\"\/>\n\t\t\t<input type=\"hidden\" name=\"form_id\" value=\"3572f30\"\/>\n\t\t\t<input type=\"hidden\" name=\"referer_title\" value=\"\u0110\u0103ng k\u00fd d\u1ecbch v\u1ee5 gi\u1edbi thi\u1ec7u vi\u1ec7c l\u00e0m t\u1ea1i Nh\u1eadt B\u1ea3n\" \/>\n\n\t\t\t\t\t\t\t<input type=\"hidden\" name=\"queried_id\" value=\"4620\"\/>\n\t\t\t\n\t\t\t<div class=\"elementor-form-fields-wrapper elementor-labels-above\">\n\t\t\t\t\t\t\t\t<div class=\"elementor-field-type-text elementor-field-group elementor-column elementor-field-group-name elementor-col-100 elementor-field-required\">\n\t\t\t\t\t\t\t\t\t\t\t\t<label for=\"form-field-name\" class=\"elementor-field-label\">\n\t\t\t\t\t\t\t\tH\u1ecd v\u00e0 t\u00ean\t\t\t\t\t\t\t<\/label>\n\t\t\t\t\t\t\t\t\t\t\t\t\t\t<input size=\"1\" type=\"text\" name=\"form_fields[name]\" id=\"form-field-name\" class=\"elementor-field elementor-size-sm  elementor-field-textual\" placeholder=\"H\u1ecd v\u00e0 t\u00ean\" required=\"required\">\n\t\t\t\t\t\t\t\t\t\t\t<\/div>\n\t\t\t\t\t\t\t\t<div class=\"elementor-field-type-number elementor-field-group elementor-column elementor-field-group-field_3 elementor-col-100 elementor-field-required\">\n\t\t\t\t\t\t\t\t\t\t\t\t<label for=\"form-field-field_3\" class=\"elementor-field-label\">\n\t\t\t\t\t\t\t\tS\u1ed1 \u0111i\u1ec7n tho\u1ea1i\t\t\t\t\t\t\t<\/label>\n\t\t\t\t\t\t\t\t\t<input type=\"number\" name=\"form_fields[field_3]\" id=\"form-field-field_3\" class=\"elementor-field elementor-size-sm  elementor-field-textual\" placeholder=\"S\u1ed1 \u0111i\u1ec7n tho\u1ea1i\" required=\"required\" min=\"\" max=\"\" >\n\t\t\t\t\t\t<\/div>\n\t\t\t\t\t\t\t\t<div class=\"elementor-field-type-email elementor-field-group elementor-column elementor-field-group-email elementor-col-100 elementor-field-required\">\n\t\t\t\t\t\t\t\t\t\t\t\t<label for=\"form-field-email\" class=\"elementor-field-label\">\n\t\t\t\t\t\t\t\tEmail\t\t\t\t\t\t\t<\/label>\n\t\t\t\t\t\t\t\t\t\t\t\t\t\t<input size=\"1\" type=\"email\" name=\"form_fields[email]\" id=\"form-field-email\" class=\"elementor-field elementor-size-sm  elementor-field-textual\" placeholder=\"Email\" required=\"required\">\n\t\t\t\t\t\t\t\t\t\t\t<\/div>\n\t\t\t\t\t\t\t\t<div class=\"elementor-field-type-text elementor-field-group elementor-column elementor-field-group-field_2 elementor-col-100 elementor-field-required\">\n\t\t\t\t\t\t\t\t\t\t\t\t<label for=\"form-field-field_2\" class=\"elementor-field-label\">\n\t\t\t\t\t\t\t\t\u0110\u1ecba ch\u1ec9\t\t\t\t\t\t\t<\/label>\n\t\t\t\t\t\t\t\t\t\t\t\t\t\t<input size=\"1\" type=\"text\" name=\"form_fields[field_2]\" id=\"form-field-field_2\" class=\"elementor-field elementor-size-sm  elementor-field-textual\" placeholder=\"\u0110\u1ecba ch\u1ec9 li\u00ean h\u1ec7\" required=\"required\">\n\t\t\t\t\t\t\t\t\t\t\t<\/div>\n\t\t\t\t\t\t\t\t<div class=\"elementor-field-type-select elementor-field-group elementor-column elementor-field-group-field_1 elementor-col-100 elementor-field-required\">\n\t\t\t\t\t\t\t\t\t\t\t\t<label for=\"form-field-field_1\" class=\"elementor-field-label\">\n\t\t\t\t\t\t\t\tTr\u00ecnh \u0111\u1ed9 ti\u1ebfng Nh\u1eadt\t\t\t\t\t\t\t<\/label>\n\t\t\t\t\t\t\t\t<div class=\"elementor-field elementor-select-wrapper remove-before \">\n\t\t\t<div class=\"select-caret-down-wrapper\">\n\t\t\t\t<i aria-hidden=\"true\" class=\"eicon-caret-down\"><\/i>\t\t\t<\/div>\n\t\t\t<select name=\"form_fields[field_1]\" id=\"form-field-field_1\" class=\"elementor-field-textual elementor-size-sm\" required=\"required\">\n\t\t\t\t\t\t\t\t\t<option value=\"Tr\u00ecnh \u0111\u1ed9 N1\">Tr\u00ecnh \u0111\u1ed9 N1<\/option>\n\t\t\t\t\t\t\t\t\t<option value=\"Tr\u00ecnh \u0111\u1ed9 N2\">Tr\u00ecnh \u0111\u1ed9 N2<\/option>\n\t\t\t\t\t\t\t\t\t<option value=\"Tr\u00ecnh \u0111\u1ed9 N3\">Tr\u00ecnh \u0111\u1ed9 N3<\/option>\n\t\t\t\t\t\t\t\t\t<option value=\"Tr\u00ecnh \u0111\u1ed9 N4\">Tr\u00ecnh \u0111\u1ed9 N4<\/option>\n\t\t\t\t\t\t\t\t\t<option value=\"Tr\u00ecnh \u0111\u1ed9 N5\">Tr\u00ecnh \u0111\u1ed9 N5<\/option>\n\t\t\t\t\t\t\t\t\t<option value=\"Ch\u01b0a h\u1ecdc ti\u1ebfng Nh\u1eadt\">Ch\u01b0a h\u1ecdc ti\u1ebfng Nh\u1eadt<\/option>\n\t\t\t\t\t\t\t<\/select>\n\t\t<\/div>\n\t\t\t\t\t\t<\/div>\n\t\t\t\t\t\t\t\t<div class=\"elementor-field-type-text elementor-field-group elementor-column elementor-field-group-field_5 elementor-col-100 elementor-field-required\">\n\t\t\t\t\t\t\t\t\t\t\t\t<label for=\"form-field-field_5\" class=\"elementor-field-label\">\n\t\t\t\t\t\t\t\tT\u1ed1t nghi\u1ec7p tr\u01b0\u1eddng - chuy\u00ean ng\u00e0nh\t\t\t\t\t\t\t<\/label>\n\t\t\t\t\t\t\t\t\t\t\t\t\t\t<input size=\"1\" type=\"text\" name=\"form_fields[field_5]\" id=\"form-field-field_5\" class=\"elementor-field elementor-size-sm  elementor-field-textual\" placeholder=\"Nh\u1eadp t\u00ean ng\u00e0nh h\u1ecdc v\u00e0 tr\u01b0\u1eddng \u0111\u00e3 t\u1ed1t nghi\u1ec7p\" required=\"required\">\n\t\t\t\t\t\t\t\t\t\t\t<\/div>\n\t\t\t\t\t\t\t\t<div class=\"elementor-field-type-upload elementor-field-group elementor-column elementor-field-group-field_4 elementor-col-100 elementor-field-required\">\n\t\t\t\t\t\t\t\t\t\t\t\t<label for=\"form-field-field_4\" class=\"elementor-field-label\">\n\t\t\t\t\t\t\t\t\u0110\u00ednh k\u00e8m CV\t\t\t\t\t\t\t<\/label>\n\t\t\t\t\t\t\t\t<input type=\"file\" name=\"form_fields[field_4]\" id=\"form-field-field_4\" class=\"elementor-field elementor-size-sm  elementor-upload-field\" required=\"required\" data-maxsize=\"10\" data-maxsize-message=\"This file exceeds the maximum allowed size.\">\n\n\t\t\t\t\t\t<\/div>\n\t\t\t\t\t\t\t\t<div class=\"elementor-field-type-select elementor-field-group elementor-column elementor-field-group-field_6 elementor-col-100\">\n\t\t\t\t\t\t\t\t\t\t\t\t<label for=\"form-field-field_6\" class=\"elementor-field-label\">\n\t\t\t\t\t\t\t\tT\u1eebng l\u00e0m vi\u1ec7c \u1edf n\u01b0\u1edbc ngo\u00e0i\t\t\t\t\t\t\t<\/label>\n\t\t\t\t\t\t\t\t<div class=\"elementor-field elementor-select-wrapper remove-before \">\n\t\t\t<div class=\"select-caret-down-wrapper\">\n\t\t\t\t<i aria-hidden=\"true\" class=\"eicon-caret-down\"><\/i>\t\t\t<\/div>\n\t\t\t<select name=\"form_fields[field_6]\" id=\"form-field-field_6\" class=\"elementor-field-textual elementor-size-sm\">\n\t\t\t\t\t\t\t\t\t<option value=\"T\u1eebng \u0111i du h\u1ecdc t\u1ea1i Nh\u1eadt\">T\u1eebng \u0111i du h\u1ecdc t\u1ea1i Nh\u1eadt<\/option>\n\t\t\t\t\t\t\t\t\t<option value=\"T\u1eebng \u0111i xu\u1ea5t kh\u1ea9u lao \u0111\u1ed9ng t\u1ea1i Nh\u1eadt\">T\u1eebng \u0111i xu\u1ea5t kh\u1ea9u lao \u0111\u1ed9ng t\u1ea1i Nh\u1eadt<\/option>\n\t\t\t\t\t\t\t\t\t<option value=\"T\u1eebng th\u1ef1c t\u1eadp t\u1ea1i Nh\u1eadt\">T\u1eebng th\u1ef1c t\u1eadp t\u1ea1i Nh\u1eadt<\/option>\n\t\t\t\t\t\t\t\t\t<option value=\"T\u1eebng l\u00e0m vi\u1ec7c \u1edf n\u01b0\u1edbc ngo\u00e0i\">T\u1eebng l\u00e0m vi\u1ec7c \u1edf n\u01b0\u1edbc ngo\u00e0i<\/option>\n\t\t\t\t\t\t\t\t\t<option value=\"Kh\u00e1c\">Kh\u00e1c<\/option>\n\t\t\t\t\t\t\t<\/select>\n\t\t<\/div>\n\t\t\t\t\t\t<\/div>\n\t\t\t\t\t\t\t\t<div class=\"elementor-field-type-textarea elementor-field-group elementor-column elementor-field-group-message elementor-col-100 elementor-field-required\">\n\t\t\t\t\t\t\t\t\t\t\t\t<label for=\"form-field-message\" class=\"elementor-field-label\">\n\t\t\t\t\t\t\t\tN\u1ed9i dung - m\u00f4 t\u1ea3\t\t\t\t\t\t\t<\/label>\n\t\t\t\t\t\t<textarea class=\"elementor-field-textual elementor-field  elementor-size-sm\" name=\"form_fields[message]\" id=\"form-field-message\" rows=\"4\" placeholder=\"Gi\u1edbi thi\u1ec7u kh\u00e1i qu\u00e1t v\u1ec1 b\u1ea3n th\u00e2n v\u00e0 m\u00f4 t\u1ea3 nguy\u1ec7n v\u1ecdng mong mu\u1ed1n t\u00ecm vi\u1ec7c t\u1ea1i Nh\u1eadt B\u1ea3n\" required=\"required\"><\/textarea>\t\t\t\t<\/div>\n\t\t\t\t\t\t\t\t<div class=\"elementor-field-group elementor-column elementor-field-type-submit elementor-col-100 e-form__buttons\">\n\t\t\t\t\t<button class=\"elementor-button elementor-size-sm\" type=\"submit\">\n\t\t\t\t\t\t<span class=\"elementor-button-content-wrapper\">\n\t\t\t\t\t\t\t\t\t\t\t\t\t\t\t\t\t\t\t\t\t\t<span class=\"elementor-button-text\">\u0110\u0103ng k\u00fd t\u00ecm vi\u1ec7c<\/span>\n\t\t\t\t\t\t\t\t\t\t\t\t\t<\/span>\n\t\t\t\t\t<\/button>\n\t\t\t\t<\/div>\n\t\t\t<\/div>\n\t\t<\/form>\n\t\t\t\t\t\t<\/div>\n\t\t\t\t<\/div>\n\t\t\t\t\t<\/div>\n\t\t<\/div>\n\t\t\t\t\t<\/div>\n\t\t<\/section>\n\t\t\t\t<section class=\"elementor-section elementor-top-section elementor-element elementor-element-d95919b elementor-section-boxed elementor-section-height-default elementor-section-height-default magic-button-disabled-no\" data-id=\"d95919b\" data-element_type=\"section\" data-e-type=\"section\" data-settings=\"{&quot;background_background&quot;:&quot;classic&quot;,&quot;shape_divider_top&quot;:&quot;clouds&quot;}\">\n\t\t\t\t\t<div class=\"elementor-shape elementor-shape-top\" aria-hidden=\"true\" data-negative=\"false\">\n\t\t\t<svg xmlns=\"http:\/\/www.w3.org\/2000\/svg\" viewBox=\"0 0 283.5 27.8\" preserveAspectRatio=\"xMidYMax slice\">\n  <path class=\"elementor-shape-fill\" d=\"M0 0v6.7c1.9-.8 4.7-1.4 8.5-1 9.5 1.1 11.1 6 11.1 6s2.1-.7 4.3-.2c2.1.5 2.8 2.6 2.8 2.6s.2-.5 1.4-.7c1.2-.2 1.7.2 1.7.2s0-2.1 1.9-2.8c1.9-.7 3.6.7 3.6.7s.7-2.9 3.1-4.1 4.7 0 4.7 0 1.2-.5 2.4 0 1.7 1.4 1.7 1.4h1.4c.7 0 1.2.7 1.2.7s.8-1.8 4-2.2c3.5-.4 5.3 2.4 6.2 4.4.4-.4 1-.7 1.8-.9 2.8-.7 4 .7 4 .7s1.7-5 11.1-6c9.5-1.1 12.3 3.9 12.3 3.9s1.2-4.8 5.7-5.7c4.5-.9 6.8 1.8 6.8 1.8s.6-.6 1.5-.9c.9-.2 1.9-.2 1.9-.2s5.2-6.4 12.6-3.3c7.3 3.1 4.7 9 4.7 9s1.9-.9 4 0 2.8 2.4 2.8 2.4 1.9-1.2 4.5-1.2 4.3 1.2 4.3 1.2.2-1 1.4-1.7 2.1-.7 2.1-.7-.5-3.1 2.1-5.5 5.7-1.4 5.7-1.4 1.5-2.3 4.2-1.1c2.7 1.2 1.7 5.2 1.7 5.2s.3-.1 1.3.5c.5.4.8.8.9 1.1.5-1.4 2.4-5.8 8.4-4 7.1 2.1 3.5 8.9 3.5 8.9s.8-.4 2 0 1.1 1.1 1.1 1.1 1.1-1.1 2.3-1.1 2.1.5 2.1.5 1.9-3.6 6.2-1.2 1.9 6.4 1.9 6.4 2.6-2.4 7.4 0c3.4 1.7 3.9 4.9 3.9 4.9s3.3-6.9 10.4-7.9 11.5 2.6 11.5 2.6.8 0 1.2.2c.4.2.9.9.9.9s4.4-3.1 8.3.2c1.9 1.7 1.5 5 1.5 5s.3-1.1 1.6-1.4c1.3-.3 2.3.2 2.3.2s-.1-1.2.5-1.9 1.9-.9 1.9-.9-4.7-9.3 4.4-13.4c5.6-2.5 9.2.9 9.2.9s5-6.2 15.9-6.2 16.1 8.1 16.1 8.1.7-.2 1.6-.4V0H0z\"\/>\n<\/svg>\n\t\t<\/div>\n\t\t\t\t\t<div class=\"elementor-container elementor-column-gap-wide\">\n\t\t\t\t\t<div class=\"elementor-column elementor-col-50 elementor-top-column elementor-element elementor-element-43beb08 ot-column-items-center ot-flex-column-vertical\" data-id=\"43beb08\" data-element_type=\"column\" data-e-type=\"column\">\n\t\t\t<div class=\"elementor-widget-wrap elementor-element-populated\">\n\t\t\t\t\t\t<div class=\"elementor-element elementor-element-f7987ad elementor-widget elementor-widget-bdt-animated-heading\" data-id=\"f7987ad\" data-element_type=\"widget\" data-e-type=\"widget\" data-widget_type=\"bdt-animated-heading.default\">\n\t\t\t\t<div class=\"elementor-widget-container\">\n\t\t\t\t\t<div id=\"bdtah-f7987ad\" class=\"bdt-heading bdt-heading-layout-animated\"><h3 class=\"bdt-heading-tag\" style=\"opacity: 0;\"><span class=\"bdt-pre-heading\">B\u1ea1n \u0110ang T\u00ecm C\u00f4ng Ty <\/span> <span id=\"bdt-ah-f7987ad\" class=\"bdt-animated-heading\" data-settings=\"{&quot;layout&quot;:&quot;animated&quot;,&quot;animation&quot;:&quot;fadeInRight&quot;,&quot;speed&quot;:2500}\">T\u01b0 V\u1ea5n Vi\u1ec7c L\u00e0m T\u1ea1i Nh\u1eadt Uy T\u00edn?<\/span> <\/h3><\/div>\t\t\t\t<\/div>\n\t\t\t\t<\/div>\n\t\t\t\t<div class=\"elementor-element elementor-element-18c4115 elementor-widget elementor-widget-text-editor\" data-id=\"18c4115\" data-element_type=\"widget\" data-e-type=\"widget\" data-widget_type=\"text-editor.default\">\n\t\t\t\t<div class=\"elementor-widget-container\">\n\t\t\t\t\t\t\t\t\t<p>IFK chuy\u00ean cung c\u1ea5p d\u1ecbch v\u1ee5 d\u1ecbch thu\u1eadt c\u00e1c ng\u00f4n ng\u1eef ti\u1ebfng Nh\u1eadt, ti\u1ebfng Anh, ti\u1ebfng Vi\u1ec7t ch\u1ea5t l\u01b0\u1ee3ng cao.<\/p>\t\t\t\t\t\t\t\t<\/div>\n\t\t\t\t<\/div>\n\t\t\t\t<section class=\"elementor-section elementor-inner-section elementor-element elementor-element-59954b6 elementor-section-boxed elementor-section-height-default elementor-section-height-default magic-button-disabled-no\" data-id=\"59954b6\" data-element_type=\"section\" data-e-type=\"section\">\n\t\t\t\t\t\t<div class=\"elementor-container elementor-column-gap-default\">\n\t\t\t\t\t<div class=\"elementor-column elementor-col-100 elementor-inner-column elementor-element elementor-element-d1f2e72 ot-column-items-center ot-flex-column-vertical\" data-id=\"d1f2e72\" data-element_type=\"column\" data-e-type=\"column\">\n\t\t\t<div class=\"elementor-widget-wrap elementor-element-populated\">\n\t\t\t\t\t\t<div class=\"elementor-element elementor-element-c2d3ac9 elementor-widget elementor-widget-button\" data-id=\"c2d3ac9\" data-element_type=\"widget\" data-e-type=\"widget\" data-widget_type=\"button.default\">\n\t\t\t\t<div class=\"elementor-widget-container\">\n\t\t\t\t\t\t\t\t\t<div class=\"elementor-button-wrapper\">\n\t\t\t\t\t<a class=\"elementor-button elementor-button-link elementor-size-md\" href=\"https:\/\/translationifk.com\/lien-he\/\">\n\t\t\t\t\t\t<span class=\"elementor-button-content-wrapper\">\n\t\t\t\t\t\t<span class=\"elementor-button-icon\">\n\t\t\t\t<i aria-hidden=\"true\" class=\"fas fa-long-arrow-alt-right\"><\/i>\t\t\t<\/span>\n\t\t\t\t\t\t\t\t\t<span class=\"elementor-button-text\">Li\u00ean H\u1ec7 D\u1ecbch Thu\u1eadt<\/span>\n\t\t\t\t\t<\/span>\n\t\t\t\t\t<\/a>\n\t\t\t\t<\/div>\n\t\t\t\t\t\t\t\t<\/div>\n\t\t\t\t<\/div>\n\t\t\t\t\t<\/div>\n\t\t<\/div>\n\t\t\t\t\t<\/div>\n\t\t<\/section>\n\t\t\t\t\t<\/div>\n\t\t<\/div>\n\t\t\t\t<div class=\"elementor-column elementor-col-50 elementor-top-column elementor-element elementor-element-edde2bf ot-flex-column-vertical\" data-id=\"edde2bf\" data-element_type=\"column\" data-e-type=\"column\" data-settings=\"{&quot;background_background&quot;:&quot;classic&quot;}\">\n\t\t\t<div class=\"elementor-widget-wrap elementor-element-populated\">\n\t\t\t\t\t\t<div class=\"elementor-element elementor-element-c4894dd elementor-widget elementor-widget-image\" data-id=\"c4894dd\" data-element_type=\"widget\" data-e-type=\"widget\" data-widget_type=\"image.default\">\n\t\t\t\t<div class=\"elementor-widget-container\">\n\t\t\t\t\t\t\t\t\t\t\t\t\t\t\t\t<a href=\"#\">\n\t\t\t\t\t\t\t<img fetchpriority=\"high\" decoding=\"async\" width=\"1000\" height=\"650\" src=\"https:\/\/translationifk.com\/wp-content\/uploads\/2021\/06\/Lien-He-Cong-Ty-Dich-Thuat-Bao-Mat.png\" class=\"attachment-full size-full wp-image-190442\" alt=\"Lien He Cong Ty Dich Thuat Bao Mat\" srcset=\"https:\/\/translationifk.com\/wp-content\/uploads\/2021\/06\/Lien-He-Cong-Ty-Dich-Thuat-Bao-Mat.png 1000w, https:\/\/translationifk.com\/wp-content\/uploads\/2021\/06\/Lien-He-Cong-Ty-Dich-Thuat-Bao-Mat-300x195.png 300w, https:\/\/translationifk.com\/wp-content\/uploads\/2021\/06\/Lien-He-Cong-Ty-Dich-Thuat-Bao-Mat-800x520.png 800w, https:\/\/translationifk.com\/wp-content\/uploads\/2021\/06\/Lien-He-Cong-Ty-Dich-Thuat-Bao-Mat-768x499.png 768w\" sizes=\"(max-width: 1000px) 100vw, 1000px\" \/>\t\t\t\t\t\t\t\t<\/a>\n\t\t\t\t\t\t\t\t\t\t\t\t\t\t\t<\/div>\n\t\t\t\t<\/div>\n\t\t\t\t\t<\/div>\n\t\t<\/div>\n\t\t\t\t\t<\/div>\n\t\t<\/section>\n\t\t\t\t<\/div>\n\t\t","protected":false},"excerpt":{"rendered":"<p>Ho\u00e0n th\u00e0nh m\u1eabu \u0111\u0103ng k\u00fd L\u00e0m Vi\u1ec7c T\u1ea1i Nh\u1eadt B\u1ea3n B\u1ea1n \u0110ang T\u00ecm C\u00f4ng Ty T\u01b0 V\u1ea5n Vi\u1ec7c L\u00e0m T\u1ea1i Nh\u1eadt Uy T\u00edn? IFK chuy\u00ean  [&hellip;]<\/p>\n","protected":false},"author":131,"featured_media":3722,"parent":0,"menu_order":0,"comment_status":"closed","ping_status":"closed","template":"","meta":{"_seopress_robots_primary_cat":"","footnotes":""},"class_list":["post-4620","page","type-page","status-publish","has-post-thumbnail"],"_links":{"self":[{"href":"https:\/\/translationifk.com\/ja\/wp-json\/wp\/v2\/pages\/4620","targetHints":{"allow":["GET"]}}],"collection":[{"href":"https:\/\/translationifk.com\/ja\/wp-json\/wp\/v2\/pages"}],"about":[{"href":"https:\/\/translationifk.com\/ja\/wp-json\/wp\/v2\/types\/page"}],"author":[{"embeddable":true,"href":"https:\/\/translationifk.com\/ja\/wp-json\/wp\/v2\/users\/131"}],"replies":[{"embeddable":true,"href":"https:\/\/translationifk.com\/ja\/wp-json\/wp\/v2\/comments?post=4620"}],"version-history":[{"count":0,"href":"https:\/\/translationifk.com\/ja\/wp-json\/wp\/v2\/pages\/4620\/revisions"}],"wp:featuredmedia":[{"embeddable":true,"href":"https:\/\/translationifk.com\/ja\/wp-json\/wp\/v2\/media\/3722"}],"wp:attachment":[{"href":"https:\/\/translationifk.com\/ja\/wp-json\/wp\/v2\/media?parent=4620"}],"curies":[{"name":"wp","href":"https:\/\/api.w.org\/{rel}","templated":true}]}}